{"id":1210,"date":"2016-10-09T23:04:14","date_gmt":"2016-10-09T21:04:14","guid":{"rendered":"http:\/\/polskipatchwork.pl\/?page_id=1210"},"modified":"2017-02-25T13:12:12","modified_gmt":"2017-02-25T12:12:12","slug":"karta-zgloszenia","status":"publish","type":"page","link":"https:\/\/polskipatchwork.pl\/index.php\/karta-zgloszenia\/","title":{"rendered":"Karta zg\u0142oszeniowa &#8220;Raz na ludowo&#8221;"},"content":{"rendered":"<div role=\"form\" class=\"wpcf7\" id=\"wpcf7-f1206-o1\" lang=\"pl-PL\" dir=\"ltr\">\n<div class=\"screen-reader-response\"><p role=\"status\" aria-live=\"polite\" aria-atomic=\"true\"><\/p> <ul><\/ul><\/div>\n<form action=\"\/index.php\/wp-json\/wp\/v2\/pages\/1210#wpcf7-f1206-o1\" method=\"post\" class=\"wpcf7-form init\" enctype=\"multipart\/form-data\" novalidate=\"novalidate\" data-status=\"init\">\n<div style=\"display: none;\">\n<input type=\"hidden\" name=\"_wpcf7\" value=\"1206\" \/>\n<input type=\"hidden\" name=\"_wpcf7_version\" value=\"5.4.1\" \/>\n<input type=\"hidden\" name=\"_wpcf7_locale\" value=\"pl_PL\" \/>\n<input type=\"hidden\" name=\"_wpcf7_unit_tag\" value=\"wpcf7-f1206-o1\" \/>\n<input type=\"hidden\" name=\"_wpcf7_container_post\" value=\"0\" \/>\n<input type=\"hidden\" name=\"_wpcf7_posted_data_hash\" value=\"\" \/>\n<\/div>\n<p><label> Imi\u0119 i nazwisko (wymagane)<br \/>\n    <span class=\"wpcf7-form-control-wrap imie-nazwisko\"><input type=\"text\" name=\"imie-nazwisko\" value=\"\" size=\"40\" class=\"wpcf7-form-control wpcf7-text wpcf7-validates-as-required\" aria-required=\"true\" aria-invalid=\"false\" \/><\/span> <\/label><\/p>\n<p><label> Tytu\u0142 pracy (wymagane)<br \/>\n     <span class=\"wpcf7-form-control-wrap tytul-pracy\"><input type=\"text\" name=\"tytul-pracy\" value=\"\" size=\"40\" class=\"wpcf7-form-control wpcf7-text wpcf7-validates-as-required\" aria-required=\"true\" aria-invalid=\"false\" \/><\/span> <\/label><\/p>\n<p><label> Warto\u015b\u0107 pracy (PLN, wymagane)<br \/>\n    <span class=\"wpcf7-form-control-wrap wartosc-pracy\"><input type=\"text\" name=\"wartosc-pracy\" value=\"\" size=\"40\" class=\"wpcf7-form-control wpcf7-text wpcf7-validates-as-required\" aria-required=\"true\" aria-invalid=\"false\" \/><\/span> <\/label><\/p>\n<p>Odes\u0142anie pracy po wystawie za pobraniem (wymagane)<br \/>\n    <span class=\"wpcf7-form-control-wrap wysylka-pracy\"><span class=\"wpcf7-form-control wpcf7-radio\"><span class=\"wpcf7-list-item first\"><input type=\"radio\" name=\"wysylka-pracy\" value=\"Tak\" checked=\"checked\" \/><span class=\"wpcf7-list-item-label\">Tak<\/span><\/span><span class=\"wpcf7-list-item last\"><input type=\"radio\" name=\"wysylka-pracy\" value=\"Nie\" \/><span class=\"wpcf7-list-item-label\">Nie<\/span><\/span><\/span><\/span> <\/p>\n<p><label> Adres do korespondencji (wymagane)<br \/>\n    <span class=\"wpcf7-form-control-wrap adres-do-korespondencji\"><textarea name=\"adres-do-korespondencji\" cols=\"50\" rows=\"5\" class=\"wpcf7-form-control wpcf7-textarea wpcf7-validates-as-required\" aria-required=\"true\" aria-invalid=\"false\"><\/textarea><\/span> <\/label><\/p>\n<p><label> Numer telefonu (wymagane)<br \/>\n    <span class=\"wpcf7-form-control-wrap numer-telefonu\"><input type=\"tel\" name=\"numer-telefonu\" value=\"\" size=\"40\" class=\"wpcf7-form-control wpcf7-text wpcf7-tel wpcf7-validates-as-required wpcf7-validates-as-tel\" aria-required=\"true\" aria-invalid=\"false\" \/><\/span> <\/label><\/p>\n<p><label> Adres email (wymagane)<br \/>\n    <span class=\"wpcf7-form-control-wrap adres-email\"><input type=\"email\" name=\"adres-email\" value=\"\" size=\"40\" class=\"wpcf7-form-control wpcf7-text wpcf7-email wpcf7-validates-as-required wpcf7-validates-as-email\" aria-required=\"true\" aria-invalid=\"false\" \/><\/span> <\/label><\/p>\n<p><label> Plik z og\u00f3lnym zdj\u0119ciem pracy (max. 4MB)<br \/>\n    <span class=\"wpcf7-form-control-wrap plik-ze-zdjeciem1\"><input type=\"file\" name=\"plik-ze-zdjeciem1\" size=\"40\" class=\"wpcf7-form-control wpcf7-file wpcf7-validates-as-required\" accept=\".jpg,.jpeg,.png,.gif,.pdf,.doc,.docx,.ppt,.pptx,.odt,.avi,.ogg,.m4a,.mov,.mp3,.mp4,.mpg,.wav,.wmv\" aria-required=\"true\" aria-invalid=\"false\" \/><\/span> <\/label><\/p>\n<p><label> Plik ze zdj\u0119ciem szczeg\u00f3\u0142u pracy (max. 4MB)<br \/>\n    <span class=\"wpcf7-form-control-wrap plik-ze-zdjeciem2\"><input type=\"file\" name=\"plik-ze-zdjeciem2\" size=\"40\" class=\"wpcf7-form-control wpcf7-file wpcf7-validates-as-required\" accept=\".jpg,.jpeg,.png,.gif,.pdf,.doc,.docx,.ppt,.pptx,.odt,.avi,.ogg,.m4a,.mov,.mp3,.mp4,.mpg,.wav,.wmv\" aria-required=\"true\" aria-invalid=\"false\" \/><\/span> <\/label><\/p>\n<p><label> Co Ci\u0119 zainspirowa\u0142o? Opisz w kilku zdaniach (wymagane)<br \/>\n    <span class=\"wpcf7-form-control-wrap inspiracja\"><textarea name=\"inspiracja\" cols=\"31\" rows=\"5\" class=\"wpcf7-form-control wpcf7-textarea wpcf7-validates-as-required\" aria-required=\"true\" aria-invalid=\"false\"><\/textarea><\/span> <\/label><\/p>\n<p><label> <span class=\"wpcf7-form-control-wrap wyrazenie-zgody1\"><span class=\"wpcf7-form-control wpcf7-acceptance\"><span class=\"wpcf7-list-item\"><input type=\"checkbox\" name=\"wyrazenie-zgody1\" value=\"1\" aria-invalid=\"false\" \/><\/span><\/span><\/span> O\u015bwiadczam, i\u017c zg\u0142oszona praca stanowi moj\u0105 wy\u0142\u0105czn\u0105 w\u0142asno\u015b\u0107 i nie narusza praw os\u00f3b trzecich ani obowi\u0105zuj\u0105cych przepis\u00f3w prawa oraz, \u017ce praca nie by\u0142a nigdzie prezentowana wcze\u015bniej, ani nie b\u0119dzie prezentowana do chwili og\u0142oszenia wynik\u00f3w II etapu konkursu.<br \/>\nO\u015bwiadczam, \u017ce zapozna\u0142em\/-am si\u0119 z tre\u015bci\u0105 Regulaminu Konkursu oraz akceptuj\u0119 wszystkie jego postanowienia.<\/label><\/p>\n<p><label> <span class=\"wpcf7-form-control-wrap wyrazenie-zgody2\"><span class=\"wpcf7-form-control wpcf7-acceptance\"><span class=\"wpcf7-list-item\"><input type=\"checkbox\" name=\"wyrazenie-zgody2\" value=\"1\" aria-invalid=\"false\" \/><\/span><\/span><\/span> O\u015bwiadczam, i\u017c wyra\u017cam zgod\u0119 na przetwarzanie przez Organizatora moich danych osobowych na potrzeby konkursu, og\u0142oszenia wynik\u00f3w konkursu oraz w celach promocyjnych -Ustawa o ochronie danych osobowych z dnia 29 sierpnia 1997 roku, Dz.U. Nr 133, z p\u00f3\u017an. zm.  <\/label><\/p>\n<p><label> <input type=\"submit\" value=\"Wy\u015blij\" class=\"wpcf7-form-control wpcf7-submit\" \/> <\/label><\/p>\n<div class=\"wpcf7-response-output\" aria-hidden=\"true\"><\/div><\/form><\/div>\n","protected":false},"excerpt":{"rendered":"","protected":false},"author":6,"featured_media":0,"parent":0,"menu_order":0,"comment_status":"closed","ping_status":"closed","template":"","meta":{"_monsterinsights_skip_tracking":false,"_monsterinsights_sitenote_active":false,"_monsterinsights_sitenote_note":"","_monsterinsights_sitenote_category":0,"spay_email":""},"jetpack-related-posts":[{"id":4483,"url":"https:\/\/polskipatchwork.pl\/index.php\/karta-zgloszenia-quiltu-wystawa-walizkowa-kwiaty\/","url_meta":{"origin":1210,"position":0},"title":"Karta zg\u0142oszenia quiltu - wystawa walizkowa - Kwiaty","date":"21 lipca 2020","format":false,"excerpt":"","rel":"","context":"Similar post","img":{"alt_text":"","src":"","width":0,"height":0},"classes":[]},{"id":6752,"url":"https:\/\/polskipatchwork.pl\/index.php\/o-nas\/karta-zgloszenia-walizkowa-domki\/","url_meta":{"origin":1210,"position":1},"title":"Karta zg\u0142oszenia - walizkowa - Domki","date":"3 lutego 2024","format":false,"excerpt":"","rel":"","context":"Similar post","img":{"alt_text":"","src":"","width":0,"height":0},"classes":[]},{"id":4772,"url":"https:\/\/polskipatchwork.pl\/index.php\/testowy-formularz-2020\/","url_meta":{"origin":1210,"position":2},"title":"Karta zg\u0142oszenia EQA - Wymie\u0144 si\u0119 zdj\u0119ciem","date":"22 wrze\u015bnia 2020","format":false,"excerpt":"","rel":"","context":"Similar post","img":{"alt_text":"","src":"","width":0,"height":0},"classes":[]},{"id":42,"url":"https:\/\/polskipatchwork.pl\/index.php\/konkurs-kola-kolka-i-koleczka\/","url_meta":{"origin":1210,"position":3},"title":"Konkurs \u201eKo\u0142a, k\u00f3\u0142ka i k\u00f3\u0142eczka\u201d","date":"2 maja 2016","format":false,"excerpt":"Zapraszamy wszystkich do wzi\u0119cia udzia\u0142u w pierwszym konkursie Stowarzyszenia Polskiego Patchworku \u201eKo\u0142a, k\u00f3\u0142ka, k\u00f3\u0142eczka\u201d. Konkurs jest dwuetapowy. I etap - \u017ceby przyst\u0105pi\u0107 do konkursu, nale\u017cy uszy\u0107 patchwork o tematyce zwi\u0105zanej z ko\u0142ami, k\u00f3\u0142kami i k\u00f3\u0142eczkami i przys\u0142a\u0107 jego zdj\u0119cia na adres konkurs_kolo@wp.pl do 22 maja 2016 r. II etap -\u2026","rel":"","context":"Similar post","img":{"alt_text":"Robins Patchwork","src":"https:\/\/i2.wp.com\/u-szycie.home.pl\/_stow\/wp-content\/uploads\/2016\/05\/robins4.jpg?resize=350%2C200","width":350,"height":200},"classes":[]},{"id":142,"url":"https:\/\/polskipatchwork.pl\/index.php\/o-nas\/patchworkowe-darcie-pierza\/","url_meta":{"origin":1210,"position":4},"title":"Patchworkowe Darcie Pierza (Archiwum)","date":"3 maja 2016","format":false,"excerpt":"Na pocz\u0105tku 2015 roku kilka kobiet szyj\u0105cych patchworki z Warszawy i okolic mia\u0142o ochot\u0119 spotka\u0107 si\u0119, porozmawia\u0107 i pokaza\u0107 sobie swoje patchworki. Znalaz\u0142y\u015bmy miejsce, ustali\u0142y\u015bmy, \u017ce b\u0119dziemy spotyka\u0107 si\u0119 w ostatnie czwartki miesi\u0105ca. Kto\u015b (chyba Hania) nazwa\u0142 to \u201ePatchworkowym Darciem Pierza\u201d. Taki by\u0142 nieformalny pocz\u0105tek zawi\u0105zywania si\u0119 naszego Stowarzyszenia. Po\u2026","rel":"","context":"Similar post","img":{"alt_text":"","src":"","width":0,"height":0},"classes":[]},{"id":269,"url":"https:\/\/polskipatchwork.pl\/index.php\/o-nas\/nasze-cele\/","url_meta":{"origin":1210,"position":5},"title":"Nasze cele","date":"7 maja 2016","format":false,"excerpt":"Naszym zamiarem jest przede wszystkim: - podejmowanie i propagowanie dzia\u0142a\u0144 edukacyjnych na rzecz upowszechniania sztuki patchworku w Polsce, - wspieranie tw\u00f3rc\u00f3w zaanga\u017cowanych w rozwijanie tej formy r\u0119kodzie\u0142a, - organizowanie wystaw patchwork\u00f3w, - organizowanie konkurs\u00f3w i kurs\u00f3w patchworkowych. Chcemy, aby ka\u017cdy zainteresowany t\u0105 form\u0105 r\u0119kodzie\u0142a, niezale\u017cnie od umiej\u0119tno\u015bci i do\u015bwiadczenia, czu\u0142\u2026","rel":"","context":"Similar post","img":{"alt_text":"","src":"","width":0,"height":0},"classes":[]}],"jetpack_sharing_enabled":true,"jetpack_shortlink":"https:\/\/wp.me\/P7yhvX-jw","_links":{"self":[{"href":"https:\/\/polskipatchwork.pl\/index.php\/wp-json\/wp\/v2\/pages\/1210"}],"collection":[{"href":"https:\/\/polskipatchwork.pl\/index.php\/wp-json\/wp\/v2\/pages"}],"about":[{"href":"https:\/\/polskipatchwork.pl\/index.php\/wp-json\/wp\/v2\/types\/page"}],"author":[{"embeddable":true,"href":"https:\/\/polskipatchwork.pl\/index.php\/wp-json\/wp\/v2\/users\/6"}],"replies":[{"embeddable":true,"href":"https:\/\/polskipatchwork.pl\/index.php\/wp-json\/wp\/v2\/comments?post=1210"}],"version-history":[{"count":5,"href":"https:\/\/polskipatchwork.pl\/index.php\/wp-json\/wp\/v2\/pages\/1210\/revisions"}],"predecessor-version":[{"id":1372,"href":"https:\/\/polskipatchwork.pl\/index.php\/wp-json\/wp\/v2\/pages\/1210\/revisions\/1372"}],"wp:attachment":[{"href":"https:\/\/polskipatchwork.pl\/index.php\/wp-json\/wp\/v2\/media?parent=1210"}],"curies":[{"name":"wp","href":"https:\/\/api.w.org\/{rel}","templated":true}]}}