{"id":1217,"date":"2016-10-10T08:00:15","date_gmt":"2016-10-10T06:00:15","guid":{"rendered":"http:\/\/polskipatchwork.pl\/?page_id=1217"},"modified":"2016-10-10T08:02:27","modified_gmt":"2016-10-10T06:02:27","slug":"gdzie-jestesmy","status":"publish","type":"page","link":"https:\/\/polskipatchwork.pl\/index.php\/gdzie-jestesmy\/","title":{"rendered":"Gdzie jeste\u015bmy?"},"content":{"rendered":"<div id=\"wpgmza_map\" class=\"wpgmza_map\" data-settings='{\"id\":\"1\",\"map_title\":\"SPP\",\"map_width\":\"100\",\"map_height\":\"500\",\"map_start_lat\":\"52.132416\",\"map_start_lng\":\"19.428782\",\"map_start_location\":\"52.132415819244216,19.428782492611845\",\"map_start_zoom\":\"6\",\"default_marker\":\"0\",\"type\":\"1\",\"alignment\":\"1\",\"directions_enabled\":\"1\",\"styling_enabled\":\"0\",\"styling_json\":\"\",\"active\":\"0\",\"kml\":\"\",\"bicycle\":\"0\",\"traffic\":\"0\",\"dbox\":\"1\",\"dbox_width\":\"100\",\"listmarkers\":\"0\",\"listmarkers_advanced\":\"0\",\"filterbycat\":\"0\",\"ugm_enabled\":\"0\",\"ugm_category_enabled\":\"0\",\"fusion\":\"\",\"map_width_type\":\"\\\\%\",\"map_height_type\":\"px\",\"mass_marker_support\":\"1\",\"ugm_access\":\"0\",\"order_markers_by\":\"1\",\"order_markers_choice\":\"2\",\"show_user_location\":\"0\",\"default_to\":\"\",\"other_settings\":{\"store_locator_enabled\":2,\"store_locator_distance\":2,\"store_locator_bounce\":1,\"store_locator_query_string\":\"ZIP \\\/ Address:\",\"wpgmza_store_locator_restrict\":\"\",\"map_max_zoom\":\"1\",\"transport_layer\":0,\"wpgmza_theme_data\":\"\"}}' data-map-id='1' Data-maps-engine='' data-shortcode-attributes='{\"id\":\"1\"}' style=\"display:block; overflow:auto; width:100%; height:500px; float:left;\"><\/div>\n","protected":false},"excerpt":{"rendered":"","protected":false},"author":6,"featured_media":0,"parent":0,"menu_order":0,"comment_status":"closed","ping_status":"closed","template":"","meta":{"_monsterinsights_skip_tracking":false,"_monsterinsights_sitenote_active":false,"_monsterinsights_sitenote_note":"","_monsterinsights_sitenote_category":0,"spay_email":""},"jetpack-related-posts":[{"id":17,"url":"https:\/\/polskipatchwork.pl\/index.php\/o-nas\/","url_meta":{"origin":1217,"position":0},"title":"O nas","date":"27 kwietnia 2016","format":false,"excerpt":"Patchworkowa rodzina powi\u0119ksza si\u0119 Popularno\u015b\u0107 patchwork\u00f3w na \u015bwiecie zyska\u0142a nowy wymiar wraz z rozwojem internetu i dost\u0119pem do wielu wirtualnych galerii sztuki tekstylnej, przepis\u00f3w na szycie i szablon\u00f3w, kurs\u00f3w on-line oraz wyspecjalizowanych sklep\u00f3w z tkaninami, pasmanteri\u0105 i akcesoriami do szycia. To zainteresowanie patchworkiem nie omin\u0119\u0142o Polski, gdzie takie prace powstaj\u0105\u2026","rel":"","context":"Similar post","img":{"alt_text":"","src":"","width":0,"height":0},"classes":[]},{"id":142,"url":"https:\/\/polskipatchwork.pl\/index.php\/o-nas\/patchworkowe-darcie-pierza\/","url_meta":{"origin":1217,"position":1},"title":"Patchworkowe Darcie Pierza (Archiwum)","date":"3 maja 2016","format":false,"excerpt":"Na pocz\u0105tku 2015 roku kilka kobiet szyj\u0105cych patchworki z Warszawy i okolic mia\u0142o ochot\u0119 spotka\u0107 si\u0119, porozmawia\u0107 i pokaza\u0107 sobie swoje patchworki. Znalaz\u0142y\u015bmy miejsce, ustali\u0142y\u015bmy, \u017ce b\u0119dziemy spotyka\u0107 si\u0119 w ostatnie czwartki miesi\u0105ca. Kto\u015b (chyba Hania) nazwa\u0142 to \u201ePatchworkowym Darciem Pierza\u201d. Taki by\u0142 nieformalny pocz\u0105tek zawi\u0105zywania si\u0119 naszego Stowarzyszenia. Po\u2026","rel":"","context":"Similar post","img":{"alt_text":"","src":"","width":0,"height":0},"classes":[]},{"id":282,"url":"https:\/\/polskipatchwork.pl\/index.php\/o-nas\/zapisz-sie-do-nas\/","url_meta":{"origin":1217,"position":2},"title":"Zapisz si\u0119 do nas","date":"7 maja 2016","format":false,"excerpt":"Do\u0142\u0105cz do naszego stowarzyszenia patchworkowego, gdzie sztuka \u0142\u0105czy si\u0119 z kreatywno\u015bci\u0105! Znajdziesz u nas nie tylko miejsce do dzielenia si\u0119 swoimi umiej\u0119tno\u015bciami, ale tak\u017ce inspiruj\u0105c\u0105 spo\u0142eczno\u015b\u0107 pe\u0142n\u0105 pasjonat\u00f3w, gotowych podzieli\u0107 si\u0119 wiedz\u0105 i pomys\u0142ami. Razem stworzymy kolorowe i unikalne dzie\u0142a, a przy okazji zawrzemy nowe przyja\u017anie! Do\u0142\u0105cz ju\u017c teraz i\u2026","rel":"","context":"Similar post","img":{"alt_text":"","src":"","width":0,"height":0},"classes":[]},{"id":1210,"url":"https:\/\/polskipatchwork.pl\/index.php\/karta-zgloszenia\/","url_meta":{"origin":1217,"position":3},"title":"Karta zg\u0142oszeniowa \"Raz na ludowo\"","date":"9 pa\u017adziernika 2016","format":false,"excerpt":"","rel":"","context":"Similar post","img":{"alt_text":"","src":"","width":0,"height":0},"classes":[]},{"id":4772,"url":"https:\/\/polskipatchwork.pl\/index.php\/testowy-formularz-2020\/","url_meta":{"origin":1217,"position":4},"title":"Karta zg\u0142oszenia EQA - Wymie\u0144 si\u0119 zdj\u0119ciem","date":"22 wrze\u015bnia 2020","format":false,"excerpt":"","rel":"","context":"Similar post","img":{"alt_text":"","src":"","width":0,"height":0},"classes":[]},{"id":4483,"url":"https:\/\/polskipatchwork.pl\/index.php\/karta-zgloszenia-quiltu-wystawa-walizkowa-kwiaty\/","url_meta":{"origin":1217,"position":5},"title":"Karta zg\u0142oszenia quiltu - wystawa walizkowa - Kwiaty","date":"21 lipca 2020","format":false,"excerpt":"","rel":"","context":"Similar post","img":{"alt_text":"","src":"","width":0,"height":0},"classes":[]}],"jetpack_sharing_enabled":true,"jetpack_shortlink":"https:\/\/wp.me\/P7yhvX-jD","_links":{"self":[{"href":"https:\/\/polskipatchwork.pl\/index.php\/wp-json\/wp\/v2\/pages\/1217"}],"collection":[{"href":"https:\/\/polskipatchwork.pl\/index.php\/wp-json\/wp\/v2\/pages"}],"about":[{"href":"https:\/\/polskipatchwork.pl\/index.php\/wp-json\/wp\/v2\/types\/page"}],"author":[{"embeddable":true,"href":"https:\/\/polskipatchwork.pl\/index.php\/wp-json\/wp\/v2\/users\/6"}],"replies":[{"embeddable":true,"href":"https:\/\/polskipatchwork.pl\/index.php\/wp-json\/wp\/v2\/comments?post=1217"}],"version-history":[{"count":2,"href":"https:\/\/polskipatchwork.pl\/index.php\/wp-json\/wp\/v2\/pages\/1217\/revisions"}],"predecessor-version":[{"id":1220,"href":"https:\/\/polskipatchwork.pl\/index.php\/wp-json\/wp\/v2\/pages\/1217\/revisions\/1220"}],"wp:attachment":[{"href":"https:\/\/polskipatchwork.pl\/index.php\/wp-json\/wp\/v2\/media?parent=1217"}],"curies":[{"name":"wp","href":"https:\/\/api.w.org\/{rel}","templated":true}]}}