{"id":17,"date":"2016-04-27T11:32:53","date_gmt":"2016-04-27T09:32:53","guid":{"rendered":"http:\/\/u-szycie.home.pl\/_stow\/?page_id=17"},"modified":"2016-05-08T22:12:30","modified_gmt":"2016-05-08T20:12:30","slug":"o-nas","status":"publish","type":"page","link":"https:\/\/polskipatchwork.pl\/index.php\/o-nas\/","title":{"rendered":"O nas"},"content":{"rendered":"<h3>Patchworkowa rodzina powi\u0119ksza si\u0119<\/h3>\n<p style=\"text-align: justify;\">Popularno\u015b\u0107 patchwork\u00f3w na \u015bwiecie zyska\u0142a nowy wymiar wraz z rozwojem internetu i dost\u0119pem do wielu wirtualnych galerii sztuki tekstylnej, przepis\u00f3w na szycie i szablon\u00f3w, kurs\u00f3w on-line oraz wyspecjalizowanych sklep\u00f3w z tkaninami, pasmanteri\u0105 i akcesoriami do szycia. To zainteresowanie patchworkiem nie omin\u0119\u0142o Polski, gdzie takie prace powstaj\u0105 ju\u017c od wielu lat, ale dopiero teraz sytuacja dojrza\u0142a do tego, \u017ce quilterki postanowi\u0142y za\u0142o\u017cy\u0107 w\u0142asne stowarzyszenie.<br \/>\nDzi\u0119ki inicjatywie osiemnastu zdeterminowanych mi\u0142o\u015bniczek patchworku\u00a07 marca 2016 roku zosta\u0142o oficjalnie zarejestrowane Stowarzyszenie Polskiego Patchworku. Za\u0142o\u017cenie Stowarzyszenia by\u0142o kolejnym, logicznym krokiem, u\u0142atwiaj\u0105cym upowszechnianie patchworku w Polsce i wspieraj\u0105cym jego rozw\u00f3j.<\/p>\n","protected":false},"excerpt":{"rendered":"<p>Patchworkowa rodzina powi\u0119ksza si\u0119 Popularno\u015b\u0107 patchwork\u00f3w na \u015bwiecie zyska\u0142a nowy wymiar wraz z rozwojem internetu i dost\u0119pem do wielu wirtualnych galerii sztuki tekstylnej, przepis\u00f3w na szycie i szablon\u00f3w, kurs\u00f3w on-line oraz wyspecjalizowanych sklep\u00f3w z&#46;&#46;&#46;<\/p>\n","protected":false},"author":6,"featured_media":0,"parent":0,"menu_order":0,"comment_status":"closed","ping_status":"closed","template":"","meta":{"_monsterinsights_skip_tracking":false,"_monsterinsights_sitenote_active":false,"_monsterinsights_sitenote_note":"","_monsterinsights_sitenote_category":0,"spay_email":""},"jetpack-related-posts":[{"id":272,"url":"https:\/\/polskipatchwork.pl\/index.php\/o-nas\/troche-historii\/","url_meta":{"origin":17,"position":0},"title":"Troch\u0119 historii","date":"7 maja 2016","format":false,"excerpt":"Najcz\u0119\u015bciej my\u015blimy, \u017ce patchwork i quilting to ameryka\u0144skie \"wynalazki\". Prawda jest jednak zupe\u0142nie inna... Czy wiesz, \u017ce patchwork to zszywanie ma\u0142ych kawa\u0142k\u00f3w tkanin w wi\u0119ksz\u0105 ca\u0142o\u015b\u0107, quilt za\u015b to wynik zszycia ze sob\u0105 kilku warstw tkanin poprzez przepikowanie ich razem. Najstarsze przyk\u0142ady ubra\u0144, powsta\u0142ych ze skrawk\u00f3w albo przez przepikowanie kilku\u2026","rel":"","context":"Similar post","img":{"alt_text":"","src":"","width":0,"height":0},"classes":[]},{"id":39,"url":"https:\/\/polskipatchwork.pl\/index.php\/o-nas\/kontakt\/","url_meta":{"origin":17,"position":1},"title":"Kontakt","date":"2 maja 2016","format":false,"excerpt":"Stowarzyszenie Polskiego Patchworku adres siedziby 42-360 Ku\u017anica Stara ul.Nad Rozlewiskiem 28 stowarzyszenie@polskipatchwork.pl redakcja@polskipatchwork.pl Konto Stowarzyszenia Zach\u0119camy do regularnego op\u0142acania sk\u0142adek cz\u0142onkowskich oraz wp\u0142acania darowizn na rzecz Stowarzyszenia. Bank Pekao SA nr konta 20 1240 61 75 1111 0010 6726 3670 KRS: 0000602666 Regon: 363906825 NIP: 1231312705","rel":"","context":"Similar post","img":{"alt_text":"","src":"","width":0,"height":0},"classes":[]},{"id":282,"url":"https:\/\/polskipatchwork.pl\/index.php\/o-nas\/zapisz-sie-do-nas\/","url_meta":{"origin":17,"position":2},"title":"Zapisz si\u0119 do nas","date":"7 maja 2016","format":false,"excerpt":"Do\u0142\u0105cz do naszego stowarzyszenia patchworkowego, gdzie sztuka \u0142\u0105czy si\u0119 z kreatywno\u015bci\u0105! Znajdziesz u nas nie tylko miejsce do dzielenia si\u0119 swoimi umiej\u0119tno\u015bciami, ale tak\u017ce inspiruj\u0105c\u0105 spo\u0142eczno\u015b\u0107 pe\u0142n\u0105 pasjonat\u00f3w, gotowych podzieli\u0107 si\u0119 wiedz\u0105 i pomys\u0142ami. Razem stworzymy kolorowe i unikalne dzie\u0142a, a przy okazji zawrzemy nowe przyja\u017anie! Do\u0142\u0105cz ju\u017c teraz i\u2026","rel":"","context":"Similar post","img":{"alt_text":"","src":"","width":0,"height":0},"classes":[]},{"id":2841,"url":"https:\/\/polskipatchwork.pl\/index.php\/polityka-prywatnosci\/","url_meta":{"origin":17,"position":3},"title":"Polityka Prywatno\u015bci","date":"19 czerwca 2018","format":false,"excerpt":"Adres naszej strony internetowej to: http:\/\/polskipatchwork.pl.\u00a0\u00a0Administratorem strony jest Stowarzyszenie Polskiego Patchworku.\u00a0Kontakt z administratorem mo\u017cliwy pod adresem e-mail stowarzyszenie@polskipatchwork.pl Administrator przechowuje pliki cookies na urz\u0105dzeniu ko\u0144cowym U\u017cytkownika, a nast\u0119pnie uzyskuje dost\u0119p do informacji w nich zawartych w celach statystycznych i w celu zapewnienia prawid\u0142owego dzia\u0142ania Strony.\u00a0Administrator informuje niniejszym U\u017cytkownika, \u017ce istnieje\u2026","rel":"","context":"Similar post","img":{"alt_text":"","src":"","width":0,"height":0},"classes":[]},{"id":269,"url":"https:\/\/polskipatchwork.pl\/index.php\/o-nas\/nasze-cele\/","url_meta":{"origin":17,"position":4},"title":"Nasze cele","date":"7 maja 2016","format":false,"excerpt":"Naszym zamiarem jest przede wszystkim: - podejmowanie i propagowanie dzia\u0142a\u0144 edukacyjnych na rzecz upowszechniania sztuki patchworku w Polsce, - wspieranie tw\u00f3rc\u00f3w zaanga\u017cowanych w rozwijanie tej formy r\u0119kodzie\u0142a, - organizowanie wystaw patchwork\u00f3w, - organizowanie konkurs\u00f3w i kurs\u00f3w patchworkowych. Chcemy, aby ka\u017cdy zainteresowany t\u0105 form\u0105 r\u0119kodzie\u0142a, niezale\u017cnie od umiej\u0119tno\u015bci i do\u015bwiadczenia, czu\u0142\u2026","rel":"","context":"Similar post","img":{"alt_text":"","src":"","width":0,"height":0},"classes":[]},{"id":3146,"url":"https:\/\/polskipatchwork.pl\/index.php\/o-nas\/sprawozdania-z-dzialalnosci-spp-za-rok-2017\/","url_meta":{"origin":17,"position":5},"title":"Sprawozdania z dzia\u0142alno\u015bci SPP","date":"24 wrze\u015bnia 2018","format":false,"excerpt":"Sprawozdania z dzia\u0142alno\u015bci SPP za rok 2017 Sprawozdanie Komisji Rewizyjnej SPP za rok 2017 Sprawozdanie finansowe SPP za rok 2017 \u00a0 We wtorek 20 czerwca 2017 r. mia\u0142o miejsce Walne Zebranie Cz\u0142onk\u00f3w Stowarzyszenia Polskiego Patchworku. By\u0142a to pierwsza okazja do podsumowania rocznej dzia\u0142alno\u015bci. Jak si\u0119 okaza\u0142o przez miniony rok podj\u0119li\u015bmy\u2026","rel":"","context":"Similar post","img":{"alt_text":"","src":"","width":0,"height":0},"classes":[]}],"jetpack_sharing_enabled":true,"jetpack_shortlink":"https:\/\/wp.me\/P7yhvX-h","_links":{"self":[{"href":"https:\/\/polskipatchwork.pl\/index.php\/wp-json\/wp\/v2\/pages\/17"}],"collection":[{"href":"https:\/\/polskipatchwork.pl\/index.php\/wp-json\/wp\/v2\/pages"}],"about":[{"href":"https:\/\/polskipatchwork.pl\/index.php\/wp-json\/wp\/v2\/types\/page"}],"author":[{"embeddable":true,"href":"https:\/\/polskipatchwork.pl\/index.php\/wp-json\/wp\/v2\/users\/6"}],"replies":[{"embeddable":true,"href":"https:\/\/polskipatchwork.pl\/index.php\/wp-json\/wp\/v2\/comments?post=17"}],"version-history":[{"count":9,"href":"https:\/\/polskipatchwork.pl\/index.php\/wp-json\/wp\/v2\/pages\/17\/revisions"}],"predecessor-version":[{"id":322,"href":"https:\/\/polskipatchwork.pl\/index.php\/wp-json\/wp\/v2\/pages\/17\/revisions\/322"}],"wp:attachment":[{"href":"https:\/\/polskipatchwork.pl\/index.php\/wp-json\/wp\/v2\/media?parent=17"}],"curies":[{"name":"wp","href":"https:\/\/api.w.org\/{rel}","templated":true}]}}