{"id":269,"date":"2016-05-07T21:16:16","date_gmt":"2016-05-07T19:16:16","guid":{"rendered":"http:\/\/polskipatchwork.pl\/?page_id=269"},"modified":"2016-05-08T22:11:26","modified_gmt":"2016-05-08T20:11:26","slug":"nasze-cele","status":"publish","type":"page","link":"https:\/\/polskipatchwork.pl\/index.php\/o-nas\/nasze-cele\/","title":{"rendered":"Nasze cele"},"content":{"rendered":"<p><span style=\"font-family: Arial, serif;\"><span style=\"font-size: medium;\">Naszym zamiarem jest przede wszystkim:<br \/>\n&#8211; podejmowanie i propagowanie dzia\u0142a\u0144 edukacyjnych na rzecz upowszechniania<br \/>\nsztuki patchworku w Polsce,<br \/>\n&#8211; wspieranie tw\u00f3rc\u00f3w zaanga\u017cowanych w rozwijanie tej formy r\u0119kodzie\u0142a,<br \/>\n&#8211; organizowanie wystaw patchwork\u00f3w,<br \/>\n&#8211; organizowanie konkurs\u00f3w i kurs\u00f3w patchworkowych.<\/span><\/span><\/p>\n<p style=\"text-align: justify;\"><span style=\"font-family: Arial, serif;\"><span style=\"font-size: medium;\">Chcemy, aby ka\u017cdy zainteresowany t\u0105 form\u0105 r\u0119kodzie\u0142a, niezale\u017cnie od umiej\u0119tno\u015bci i do\u015bwiadczenia, czu\u0142 si\u0119 w naszej organizacji jak u siebie \u2013 pami\u0119tajmy, \u017ce ka\u017cdy artysta by\u0142 kiedy\u015b amatorem. <\/span><\/span><\/p>\n<p><strong><span style=\"font-family: Arial, serif;\"><span style=\"font-size: medium;\">Co zyskujesz?<\/span><\/span><\/strong><\/p>\n<p style=\"text-align: justify;\"><span style=\"font-family: Arial, serif;\"><span style=\"font-size: medium;\">Chcemy te\u017c, aby przynale\u017cno\u015b\u0107 do Stowarzyszenia dawa\u0142a wymierne korzy\u015bci jego cz\u0142onkom w postaci r\u00f3\u017cnych form np. udzia\u0142u w wystawach, konkursach i kursach, pierwsze\u0144stwa przy rejestracji na takowe, zni\u017cek na op\u0142aty wst\u0119pne, mo\u017cliwo\u015bci wypo\u017cyczenia ksi\u0105\u017cek lub czasopism patchworkowych z biblioteki (pracujemy nad katalogiem), rabat\u00f3w przy zakupie sprz\u0119tu, akcesori\u00f3w i materia\u0142\u00f3w u partner\u00f3w Stowarzyszenia. Mamy te\u017c nadziej\u0119, \u017ce dzi\u0119ki nawi\u0105zanym przez Stowarzyszenie mi\u0119dzynarodowym kontaktom, uda si\u0119 nam zaprezentowa\u0107 polskie patchworki szerokiej publiczno\u015bci.<\/span><\/span><\/p>\n<p style=\"text-align: justify;\"><a href=\"http:\/\/polskipatchwork.pl\/index.php\/o-nas\/zapisz-sie-do-nas\/\"><span style=\"font-size: medium;\">Przy\u0142\u0105cz si\u0119 do nas<\/span><\/a><\/p>\n<p><span style=\"font-family: Arial, serif;\"><span style=\"font-size: medium;\">\u017byczymy wszystkim \u0142adnych \u015bcieg\u00f3w!<\/span><\/span><\/p>\n","protected":false},"excerpt":{"rendered":"<p>Naszym zamiarem jest przede wszystkim: &#8211; podejmowanie i propagowanie dzia\u0142a\u0144 edukacyjnych na rzecz upowszechniania sztuki patchworku w Polsce, &#8211; wspieranie tw\u00f3rc\u00f3w zaanga\u017cowanych w rozwijanie tej formy r\u0119kodzie\u0142a, &#8211; organizowanie wystaw patchwork\u00f3w, &#8211; organizowanie konkurs\u00f3w&#46;&#46;&#46;<\/p>\n","protected":false},"author":6,"featured_media":0,"parent":17,"menu_order":0,"comment_status":"closed","ping_status":"closed","template":"","meta":{"_monsterinsights_skip_tracking":false,"_monsterinsights_sitenote_active":false,"_monsterinsights_sitenote_note":"","_monsterinsights_sitenote_category":0,"spay_email":""},"jetpack-related-posts":[{"id":272,"url":"https:\/\/polskipatchwork.pl\/index.php\/o-nas\/troche-historii\/","url_meta":{"origin":269,"position":0},"title":"Troch\u0119 historii","date":"7 maja 2016","format":false,"excerpt":"Najcz\u0119\u015bciej my\u015blimy, \u017ce patchwork i quilting to ameryka\u0144skie \"wynalazki\". Prawda jest jednak zupe\u0142nie inna... Czy wiesz, \u017ce patchwork to zszywanie ma\u0142ych kawa\u0142k\u00f3w tkanin w wi\u0119ksz\u0105 ca\u0142o\u015b\u0107, quilt za\u015b to wynik zszycia ze sob\u0105 kilku warstw tkanin poprzez przepikowanie ich razem. Najstarsze przyk\u0142ady ubra\u0144, powsta\u0142ych ze skrawk\u00f3w albo przez przepikowanie kilku\u2026","rel":"","context":"Similar post","img":{"alt_text":"","src":"","width":0,"height":0},"classes":[]},{"id":87,"url":"https:\/\/polskipatchwork.pl\/index.php\/o-nas\/zarzad\/","url_meta":{"origin":269,"position":1},"title":"Zarz\u0105d","date":"2 maja 2016","format":false,"excerpt":"Organem zarz\u0105dzaj\u0105cym Stowarzyszenia jest Zarz\u0105d, nad dzia\u0142alno\u015bci\u0105 kt\u00f3rego czuwa Komisja Rewizyjna. Najwy\u017cszym organem w\u0142adzy jest Walne Zebranie Cz\u0142onk\u00f3w, w kt\u00f3rym ka\u017cdy z cz\u0142onk\u00f3w mo\u017ce wzi\u0105\u0107 udzia\u0142 i uczestniczy\u0107 w g\u0142osowaniu. Walne Zebranie rozlicza Zarz\u0105d Stowarzyszenia z jego dzia\u0142alno\u015bci, a\u017c do mo\u017cliwo\u015bci odwo\u0142ania go w okre\u015blonych przypadkach.\u00a0 R\u00f3wnie\u017c ka\u017cdy cz\u0142onek mo\u017ce\u2026","rel":"","context":"Similar post","img":{"alt_text":"","src":"","width":0,"height":0},"classes":[]},{"id":282,"url":"https:\/\/polskipatchwork.pl\/index.php\/o-nas\/zapisz-sie-do-nas\/","url_meta":{"origin":269,"position":2},"title":"Zapisz si\u0119 do nas","date":"7 maja 2016","format":false,"excerpt":"Do\u0142\u0105cz do naszego stowarzyszenia patchworkowego, gdzie sztuka \u0142\u0105czy si\u0119 z kreatywno\u015bci\u0105! Znajdziesz u nas nie tylko miejsce do dzielenia si\u0119 swoimi umiej\u0119tno\u015bciami, ale tak\u017ce inspiruj\u0105c\u0105 spo\u0142eczno\u015b\u0107 pe\u0142n\u0105 pasjonat\u00f3w, gotowych podzieli\u0107 si\u0119 wiedz\u0105 i pomys\u0142ami. Razem stworzymy kolorowe i unikalne dzie\u0142a, a przy okazji zawrzemy nowe przyja\u017anie! Do\u0142\u0105cz ju\u017c teraz i\u2026","rel":"","context":"Similar post","img":{"alt_text":"","src":"","width":0,"height":0},"classes":[]},{"id":2841,"url":"https:\/\/polskipatchwork.pl\/index.php\/polityka-prywatnosci\/","url_meta":{"origin":269,"position":3},"title":"Polityka Prywatno\u015bci","date":"19 czerwca 2018","format":false,"excerpt":"Adres naszej strony internetowej to: http:\/\/polskipatchwork.pl.\u00a0\u00a0Administratorem strony jest Stowarzyszenie Polskiego Patchworku.\u00a0Kontakt z administratorem mo\u017cliwy pod adresem e-mail stowarzyszenie@polskipatchwork.pl Administrator przechowuje pliki cookies na urz\u0105dzeniu ko\u0144cowym U\u017cytkownika, a nast\u0119pnie uzyskuje dost\u0119p do informacji w nich zawartych w celach statystycznych i w celu zapewnienia prawid\u0142owego dzia\u0142ania Strony.\u00a0Administrator informuje niniejszym U\u017cytkownika, \u017ce istnieje\u2026","rel":"","context":"Similar post","img":{"alt_text":"","src":"","width":0,"height":0},"classes":[]},{"id":142,"url":"https:\/\/polskipatchwork.pl\/index.php\/o-nas\/patchworkowe-darcie-pierza\/","url_meta":{"origin":269,"position":4},"title":"Patchworkowe Darcie Pierza (Archiwum)","date":"3 maja 2016","format":false,"excerpt":"Na pocz\u0105tku 2015 roku kilka kobiet szyj\u0105cych patchworki z Warszawy i okolic mia\u0142o ochot\u0119 spotka\u0107 si\u0119, porozmawia\u0107 i pokaza\u0107 sobie swoje patchworki. Znalaz\u0142y\u015bmy miejsce, ustali\u0142y\u015bmy, \u017ce b\u0119dziemy spotyka\u0107 si\u0119 w ostatnie czwartki miesi\u0105ca. Kto\u015b (chyba Hania) nazwa\u0142 to \u201ePatchworkowym Darciem Pierza\u201d. Taki by\u0142 nieformalny pocz\u0105tek zawi\u0105zywania si\u0119 naszego Stowarzyszenia. Po\u2026","rel":"","context":"Similar post","img":{"alt_text":"","src":"","width":0,"height":0},"classes":[]},{"id":3146,"url":"https:\/\/polskipatchwork.pl\/index.php\/o-nas\/sprawozdania-z-dzialalnosci-spp-za-rok-2017\/","url_meta":{"origin":269,"position":5},"title":"Sprawozdania z dzia\u0142alno\u015bci SPP","date":"24 wrze\u015bnia 2018","format":false,"excerpt":"Sprawozdania z dzia\u0142alno\u015bci SPP za rok 2017 Sprawozdanie Komisji Rewizyjnej SPP za rok 2017 Sprawozdanie finansowe SPP za rok 2017 \u00a0 We wtorek 20 czerwca 2017 r. mia\u0142o miejsce Walne Zebranie Cz\u0142onk\u00f3w Stowarzyszenia Polskiego Patchworku. By\u0142a to pierwsza okazja do podsumowania rocznej dzia\u0142alno\u015bci. Jak si\u0119 okaza\u0142o przez miniony rok podj\u0119li\u015bmy\u2026","rel":"","context":"Similar post","img":{"alt_text":"","src":"","width":0,"height":0},"classes":[]}],"jetpack_sharing_enabled":true,"jetpack_shortlink":"https:\/\/wp.me\/P7yhvX-4l","_links":{"self":[{"href":"https:\/\/polskipatchwork.pl\/index.php\/wp-json\/wp\/v2\/pages\/269"}],"collection":[{"href":"https:\/\/polskipatchwork.pl\/index.php\/wp-json\/wp\/v2\/pages"}],"about":[{"href":"https:\/\/polskipatchwork.pl\/index.php\/wp-json\/wp\/v2\/types\/page"}],"author":[{"embeddable":true,"href":"https:\/\/polskipatchwork.pl\/index.php\/wp-json\/wp\/v2\/users\/6"}],"replies":[{"embeddable":true,"href":"https:\/\/polskipatchwork.pl\/index.php\/wp-json\/wp\/v2\/comments?post=269"}],"version-history":[{"count":5,"href":"https:\/\/polskipatchwork.pl\/index.php\/wp-json\/wp\/v2\/pages\/269\/revisions"}],"predecessor-version":[{"id":321,"href":"https:\/\/polskipatchwork.pl\/index.php\/wp-json\/wp\/v2\/pages\/269\/revisions\/321"}],"up":[{"embeddable":true,"href":"https:\/\/polskipatchwork.pl\/index.php\/wp-json\/wp\/v2\/pages\/17"}],"wp:attachment":[{"href":"https:\/\/polskipatchwork.pl\/index.php\/wp-json\/wp\/v2\/media?parent=269"}],"curies":[{"name":"wp","href":"https:\/\/api.w.org\/{rel}","templated":true}]}}