{"id":272,"date":"2016-05-07T21:18:46","date_gmt":"2016-05-07T19:18:46","guid":{"rendered":"http:\/\/polskipatchwork.pl\/?page_id=272"},"modified":"2019-07-11T21:51:15","modified_gmt":"2019-07-11T19:51:15","slug":"troche-historii","status":"publish","type":"page","link":"https:\/\/polskipatchwork.pl\/index.php\/o-nas\/troche-historii\/","title":{"rendered":"Troch\u0119 historii"},"content":{"rendered":"<p style=\"text-align: justify;\">Najcz\u0119\u015bciej my\u015blimy, \u017ce patchwork i quilting to ameryka\u0144skie &#8220;wynalazki&#8221;. Prawda jest jednak zupe\u0142nie inna&#8230;<\/p>\n<p style=\"text-align: justify;\"><strong>Czy wiesz, \u017ce<\/strong><\/p>\n<ul style=\"text-align: justify;\">\n<li>patchwork to zszywanie ma\u0142ych kawa\u0142k\u00f3w tkanin w wi\u0119ksz\u0105 ca\u0142o\u015b\u0107, quilt za\u015b to wynik zszycia ze sob\u0105 kilku warstw tkanin poprzez przepikowanie ich razem.<\/li>\n<\/ul>\n<ul style=\"text-align: justify;\">\n<li>Najstarsze przyk\u0142ady ubra\u0144, powsta\u0142ych ze skrawk\u00f3w albo przez przepikowanie kilku warstw by\u0142y znalezione w egipskich grobowcach i maj\u0105 nawet 5 tysi\u0119cy lat.<\/li>\n<\/ul>\n<ul style=\"text-align: justify;\">\n<li>Ubrania z kawa\u0142k\u00f3w zszytych w wi\u0119ksz\u0105 tkanin\u0119 s\u0105 charakterystyczne dla wielu kultur. Wyst\u0119powa\u0142y w staro\u017cytnych Indiach, w Korei (<i>pojagi<\/i>), w Japonii, w\u015br\u00f3d plemion Indian obu Ameryk (<i>mola, seminole<\/i>).<\/li>\n<li>Najstarszy istniej\u0105cy u\u017cytkowy quilt to pikowany dywan, znaleziony w mongolskiej jaskini. Jest przechowywany w Sankt Petersburgu, powsta\u0142 prawdopodobnie w XI wieku.<\/li>\n<\/ul>\n<ul style=\"text-align: justify;\">\n<li>Jednym z najstarszych istniej\u0105cych quilt\u00f3w ozdobnych jest praca, ilustruj\u0105ca histori\u0119 Tristana i Izoldy. Tristan Quilt powsta\u0142 na Sycylii ok. 1360 roku. Sk\u0142ada si\u0119 z dw\u00f3ch g\u0142adkich warstw lnu i wype\u0142nienia. Pikowanie jasnymi i br\u0105zowymi ni\u0107mi utworzy\u0142o obrazy, dodatkowo uwypuklone przez wprowadzenie pomi\u0119dzy warstwy bawe\u0142nianych w\u0142\u00f3kien (technika <i>trapunto<\/i>). Jedna z cz\u0119\u015bci tego quiltu jest przechowywana w Victoria and Albert Museum w Londynie.<\/li>\n<\/ul>\n<ul style=\"text-align: justify;\">\n<li>W wiktoria\u0144skiej Anglii posiadanie quiltu, zszywanego metod\u0105 <i>crazy <\/i>(czyli bez \u017cadnego wzoru, z nieregularnych skrawk\u00f3w) i ozdobionego r\u0119cznym haftem by\u0142o oznak\u0105 wysokiego statusu spo\u0142ecznego i zamo\u017cno\u015bci. Tylko bowiem zamo\u017cne Angielki mog\u0142y pozwoli\u0107 sobie na s\u0142u\u017cb\u0119, kt\u00f3ra wykonywa\u0142a czynno\u015bci domowe w czasie, gdy pani domu po\u015bwi\u0119ca\u0142a sw\u00f3j czas na r\u0119czne szycie.<\/li>\n<\/ul>\n<ul style=\"text-align: justify;\">\n<li>Do Ameryki P\u00f3\u0142nocnej patchwork i quilt zosta\u0142 przywieziony przez osadnik\u00f3w w XVII wieku. Najstarszy quilt wisz\u0105cy w ameryka\u0144skim muzeum w Baltimore zosta\u0142 uszyty w Anglii oko\u0142o 1630 roku.<\/li>\n<\/ul>\n<ul>\n<li style=\"text-align: justify;\">W USA grupa os\u00f3b, zajmuj\u0105ca si\u0119 patchworkiem i quiltingiem liczy obecnie ponad 20 milion\u00f3w os\u00f3b.<\/li>\n<\/ul>\n<p>&nbsp;<\/p>\n<p style=\"text-align: justify;\"><span style=\"font-family: Arial, serif;\"><span style=\"font-size: medium;\">Wiele z nas dochodzi\u0142o do tej formy artystycznego r\u0119kodzie\u0142a samodzielnie, przeszukuj\u0105c czasopisma, ksi\u0105\u017cki czy ogl\u0105daj\u0105c wystawy patchworku. A teraz, w dobie internetu, odwiedzaj\u0105c blogi patchworkowe czy wirtualne kursy. Niekt\u00f3re stawia\u0142y swoje pierwsze patchworkowe kroki w projekcie \u201eKo\u0142derka za jeden u\u015bmiech\u201d, kt\u00f3ry istnieje w Polsce od 2004 roku i jest adaptacj\u0105 projektu Linus. Jednocze\u015bnie zainteresowanie patchworkami ci\u0105gle ros\u0142o: w r\u00f3\u017cnych cz\u0119\u015bciach Polski zacz\u0119\u0142y powstawa\u0107 ma\u0142e grupy, kt\u00f3re spotyka\u0142y si\u0119, aby razem rozwija\u0107 swoje umiej\u0119tno\u015bci, a przy okazji pokazywa\u0142y inne swoje patchworkowe prace. <\/span><\/span><\/p>\n<p style=\"text-align: justify;\"><span style=\"font-family: Arial, serif;\"><span style=\"font-size: medium;\">Ju\u017c prawie trzy lata na Facebooku dzia\u0142a wirtualna grupa \u201ePatchwork po Polsku\u201d, kt\u00f3ra zrzesza teraz ponad 1100 os\u00f3b, a jej zast\u0119py rosn\u0105 lawinowo. Tam te\u017c tworz\u0105 si\u0119 nowe grupy tematyczne lub wsp\u00f3lnoty na jeden projekt, na przyk\u0142ad \u201eModern Patchwork\u201d czy \u201e\u015alubny Patchwork dla\u2026\u201d.<\/span><\/span><\/p>\n<p style=\"text-align: justify;\"><span style=\"font-family: Arial, serif;\"><span style=\"font-size: medium;\">Od roku, regularnie co miesi\u0105c, spotyka si\u0119 w Warszawie wiele quilterek, tak\u017ce z okolic Warszawy, aby dzieli\u0107 si\u0119 do\u015bwiadczeniami, a tak\u017ce wsp\u00f3lnie szy\u0107. Z tej grupy pochodz\u0105 cz\u0142onkinie-za\u0142o\u017cycielki naszego Stowarzyszenia, kt\u00f3re oczywi\u015bcie jest otwarte dla wszystkich zainteresowanych i ju\u017c znacznie powi\u0119kszy\u0142o swoje szeregi.<\/span><\/span><\/p>\n<h3>Gdzie mo\u017cna zobaczy\u0107 polskie patchworki?<\/h3>\n<p style=\"text-align: justify;\"><span style=\"font-family: Arial, serif;\"><span style=\"font-size: medium;\">Wiele polskich quilterek mia\u0142o mo\u017cliwo\u015b\u0107 zaprezentowa\u0107 swoje prace lokalnie, ale dopiero inicjatywa polskiego przedstawicielstwa firmy Bernina (BMD Polska) zaowocowa\u0142a w roku 2012 pierwsz\u0105 og\u00f3lnopolsk\u0105 wystaw\u0105 patchworku na du\u017c\u0105 skal\u0119. Wystawa odby\u0142a si\u0119 w Krakowie, w Centrum Sztuki Nowoczesnej \u201aSolvay\u2019. Dzi\u0119ki tej wystawie w wielu miastach w Polsce zorganizowano kursy szycia patchwork\u00f3w, co jeszcze bardziej spopularyzowa\u0142o t\u0119 form\u0119 artystycznego r\u0119kodzie\u0142a.<\/span><\/span><\/p>\n<p style=\"text-align: justify;\"><span style=\"font-family: Arial, serif;\"><span style=\"font-size: medium;\">W roku 2014 w Berlinie, na zaproszenie Niemieckiej Gildii Patchworku, podczas wsp\u00f3lnej imprezy 28. edycji Dni Patchworku Gildii i 9. Textile Art Berlin polskie quilterki zaprezentowa\u0142y mi\u0119dzynarodowej publiczno\u015bci 33 prace na wystawie zatytu\u0142owanej \u201ePolski Patchwork \u2013 tradycyjny, wsp\u00f3\u0142czesny, nowoczesny\u201d.<\/span><\/span><\/p>\n<p style=\"text-align: justify;\"><span style=\"font-family: Arial, serif;\"><span style=\"font-size: medium;\">W lutym 2016 r. w Szczecinie na wyspie \u0141asztownia mia\u0142a miejsce kolejna og\u00f3lnopolska wystawa patchworku, na kt\u00f3rej 43 uczestniczki pokaza\u0142y 71 prac w pi\u0119knych wn\u0119trzach historycznego budynku Centrum Kultury Euroregionu Stara Rze\u017ania.<\/span><\/span><\/p>\n<p style=\"text-align: justify;\"><span style=\"font-family: Arial, serif;\"><span style=\"font-size: medium;\">Co wi\u0119cej, dzi\u0119ki wsparciu i \u017cyczliwo\u015bci wielu os\u00f3b, podczas 10. edycji Prague Patchwork Meeting zaprezentowano 10 patchwork\u00f3w polskich quilterek \u2013 tym samym nasze Stowarzyszenie Polskiego Patchworku mia\u0142o pierwsze oficjalne wyst\u0105pienie na arenie mi\u0119dzynarodowej.<\/span><\/span><\/p>\n<h3>Lokalnie czy globalnie?<\/h3>\n<p style=\"text-align: justify;\"><span style=\"font-family: Arial, serif;\"><span style=\"font-size: medium;\">Oczywi\u015bcie dzia\u0142ania w dziedzinie patchworku mog\u0105 odbywa\u0107 si\u0119 w ka\u017cdym wymiarze \u2013 w zaciszu domowym lub na skal\u0119 lokaln\u0105, krajow\u0105 czy nawet mi\u0119dzynarodow\u0105. Najistotniejsza jest ch\u0119\u0107 tworzenia i pokazania swoich prac. A przy tym w\u015br\u00f3d bratnich dusz mo\u017cna podzieli\u0107 si\u0119 do\u015bwiadczeniem, zapyta\u0107 o rad\u0119, odkry\u0107 nowe idee \u2013 rozwija\u0107 si\u0119.<\/span><\/span><\/p>\n","protected":false},"excerpt":{"rendered":"<p>Najcz\u0119\u015bciej my\u015blimy, \u017ce patchwork i quilting to ameryka\u0144skie &#8220;wynalazki&#8221;. Prawda jest jednak zupe\u0142nie inna&#8230; Czy wiesz, \u017ce patchwork to zszywanie ma\u0142ych kawa\u0142k\u00f3w tkanin w wi\u0119ksz\u0105 ca\u0142o\u015b\u0107, quilt za\u015b to wynik zszycia ze sob\u0105 kilku&#46;&#46;&#46;<\/p>\n","protected":false},"author":6,"featured_media":0,"parent":17,"menu_order":0,"comment_status":"closed","ping_status":"closed","template":"","meta":{"_monsterinsights_skip_tracking":false,"_monsterinsights_sitenote_active":false,"_monsterinsights_sitenote_note":"","_monsterinsights_sitenote_category":0,"spay_email":""},"jetpack-related-posts":[{"id":42,"url":"https:\/\/polskipatchwork.pl\/index.php\/konkurs-kola-kolka-i-koleczka\/","url_meta":{"origin":272,"position":0},"title":"Konkurs \u201eKo\u0142a, k\u00f3\u0142ka i k\u00f3\u0142eczka\u201d","date":"2 maja 2016","format":false,"excerpt":"Zapraszamy wszystkich do wzi\u0119cia udzia\u0142u w pierwszym konkursie Stowarzyszenia Polskiego Patchworku \u201eKo\u0142a, k\u00f3\u0142ka, k\u00f3\u0142eczka\u201d. Konkurs jest dwuetapowy. I etap - \u017ceby przyst\u0105pi\u0107 do konkursu, nale\u017cy uszy\u0107 patchwork o tematyce zwi\u0105zanej z ko\u0142ami, k\u00f3\u0142kami i k\u00f3\u0142eczkami i przys\u0142a\u0107 jego zdj\u0119cia na adres konkurs_kolo@wp.pl do 22 maja 2016 r. II etap -\u2026","rel":"","context":"Similar post","img":{"alt_text":"Robins Patchwork","src":"https:\/\/i2.wp.com\/u-szycie.home.pl\/_stow\/wp-content\/uploads\/2016\/05\/robins4.jpg?resize=350%2C200","width":350,"height":200},"classes":[]},{"id":282,"url":"https:\/\/polskipatchwork.pl\/index.php\/o-nas\/zapisz-sie-do-nas\/","url_meta":{"origin":272,"position":1},"title":"Zapisz si\u0119 do nas","date":"7 maja 2016","format":false,"excerpt":"Do\u0142\u0105cz do naszego stowarzyszenia patchworkowego, gdzie sztuka \u0142\u0105czy si\u0119 z kreatywno\u015bci\u0105! Znajdziesz u nas nie tylko miejsce do dzielenia si\u0119 swoimi umiej\u0119tno\u015bciami, ale tak\u017ce inspiruj\u0105c\u0105 spo\u0142eczno\u015b\u0107 pe\u0142n\u0105 pasjonat\u00f3w, gotowych podzieli\u0107 si\u0119 wiedz\u0105 i pomys\u0142ami. Razem stworzymy kolorowe i unikalne dzie\u0142a, a przy okazji zawrzemy nowe przyja\u017anie! Do\u0142\u0105cz ju\u017c teraz i\u2026","rel":"","context":"Similar post","img":{"alt_text":"","src":"","width":0,"height":0},"classes":[]},{"id":2841,"url":"https:\/\/polskipatchwork.pl\/index.php\/polityka-prywatnosci\/","url_meta":{"origin":272,"position":2},"title":"Polityka Prywatno\u015bci","date":"19 czerwca 2018","format":false,"excerpt":"Adres naszej strony internetowej to: http:\/\/polskipatchwork.pl.\u00a0\u00a0Administratorem strony jest Stowarzyszenie Polskiego Patchworku.\u00a0Kontakt z administratorem mo\u017cliwy pod adresem e-mail stowarzyszenie@polskipatchwork.pl Administrator przechowuje pliki cookies na urz\u0105dzeniu ko\u0144cowym U\u017cytkownika, a nast\u0119pnie uzyskuje dost\u0119p do informacji w nich zawartych w celach statystycznych i w celu zapewnienia prawid\u0142owego dzia\u0142ania Strony.\u00a0Administrator informuje niniejszym U\u017cytkownika, \u017ce istnieje\u2026","rel":"","context":"Similar post","img":{"alt_text":"","src":"","width":0,"height":0},"classes":[]},{"id":269,"url":"https:\/\/polskipatchwork.pl\/index.php\/o-nas\/nasze-cele\/","url_meta":{"origin":272,"position":3},"title":"Nasze cele","date":"7 maja 2016","format":false,"excerpt":"Naszym zamiarem jest przede wszystkim: - podejmowanie i propagowanie dzia\u0142a\u0144 edukacyjnych na rzecz upowszechniania sztuki patchworku w Polsce, - wspieranie tw\u00f3rc\u00f3w zaanga\u017cowanych w rozwijanie tej formy r\u0119kodzie\u0142a, - organizowanie wystaw patchwork\u00f3w, - organizowanie konkurs\u00f3w i kurs\u00f3w patchworkowych. Chcemy, aby ka\u017cdy zainteresowany t\u0105 form\u0105 r\u0119kodzie\u0142a, niezale\u017cnie od umiej\u0119tno\u015bci i do\u015bwiadczenia, czu\u0142\u2026","rel":"","context":"Similar post","img":{"alt_text":"","src":"","width":0,"height":0},"classes":[]},{"id":142,"url":"https:\/\/polskipatchwork.pl\/index.php\/o-nas\/patchworkowe-darcie-pierza\/","url_meta":{"origin":272,"position":4},"title":"Patchworkowe Darcie Pierza (Archiwum)","date":"3 maja 2016","format":false,"excerpt":"Na pocz\u0105tku 2015 roku kilka kobiet szyj\u0105cych patchworki z Warszawy i okolic mia\u0142o ochot\u0119 spotka\u0107 si\u0119, porozmawia\u0107 i pokaza\u0107 sobie swoje patchworki. Znalaz\u0142y\u015bmy miejsce, ustali\u0142y\u015bmy, \u017ce b\u0119dziemy spotyka\u0107 si\u0119 w ostatnie czwartki miesi\u0105ca. Kto\u015b (chyba Hania) nazwa\u0142 to \u201ePatchworkowym Darciem Pierza\u201d. Taki by\u0142 nieformalny pocz\u0105tek zawi\u0105zywania si\u0119 naszego Stowarzyszenia. Po\u2026","rel":"","context":"Similar post","img":{"alt_text":"","src":"","width":0,"height":0},"classes":[]},{"id":87,"url":"https:\/\/polskipatchwork.pl\/index.php\/o-nas\/zarzad\/","url_meta":{"origin":272,"position":5},"title":"Zarz\u0105d","date":"2 maja 2016","format":false,"excerpt":"Organem zarz\u0105dzaj\u0105cym Stowarzyszenia jest Zarz\u0105d, nad dzia\u0142alno\u015bci\u0105 kt\u00f3rego czuwa Komisja Rewizyjna. Najwy\u017cszym organem w\u0142adzy jest Walne Zebranie Cz\u0142onk\u00f3w, w kt\u00f3rym ka\u017cdy z cz\u0142onk\u00f3w mo\u017ce wzi\u0105\u0107 udzia\u0142 i uczestniczy\u0107 w g\u0142osowaniu. Walne Zebranie rozlicza Zarz\u0105d Stowarzyszenia z jego dzia\u0142alno\u015bci, a\u017c do mo\u017cliwo\u015bci odwo\u0142ania go w okre\u015blonych przypadkach.\u00a0 R\u00f3wnie\u017c ka\u017cdy cz\u0142onek mo\u017ce\u2026","rel":"","context":"Similar post","img":{"alt_text":"","src":"","width":0,"height":0},"classes":[]}],"jetpack_sharing_enabled":true,"jetpack_shortlink":"https:\/\/wp.me\/P7yhvX-4o","_links":{"self":[{"href":"https:\/\/polskipatchwork.pl\/index.php\/wp-json\/wp\/v2\/pages\/272"}],"collection":[{"href":"https:\/\/polskipatchwork.pl\/index.php\/wp-json\/wp\/v2\/pages"}],"about":[{"href":"https:\/\/polskipatchwork.pl\/index.php\/wp-json\/wp\/v2\/types\/page"}],"author":[{"embeddable":true,"href":"https:\/\/polskipatchwork.pl\/index.php\/wp-json\/wp\/v2\/users\/6"}],"replies":[{"embeddable":true,"href":"https:\/\/polskipatchwork.pl\/index.php\/wp-json\/wp\/v2\/comments?post=272"}],"version-history":[{"count":7,"href":"https:\/\/polskipatchwork.pl\/index.php\/wp-json\/wp\/v2\/pages\/272\/revisions"}],"predecessor-version":[{"id":3850,"href":"https:\/\/polskipatchwork.pl\/index.php\/wp-json\/wp\/v2\/pages\/272\/revisions\/3850"}],"up":[{"embeddable":true,"href":"https:\/\/polskipatchwork.pl\/index.php\/wp-json\/wp\/v2\/pages\/17"}],"wp:attachment":[{"href":"https:\/\/polskipatchwork.pl\/index.php\/wp-json\/wp\/v2\/media?parent=272"}],"curies":[{"name":"wp","href":"https:\/\/api.w.org\/{rel}","templated":true}]}}