{"id":282,"date":"2016-05-07T21:30:28","date_gmt":"2016-05-07T19:30:28","guid":{"rendered":"http:\/\/polskipatchwork.pl\/?page_id=282"},"modified":"2025-05-13T18:54:46","modified_gmt":"2025-05-13T16:54:46","slug":"zapisz-sie-do-nas","status":"publish","type":"page","link":"https:\/\/polskipatchwork.pl\/index.php\/o-nas\/zapisz-sie-do-nas\/","title":{"rendered":"Zapisz si\u0119 do nas"},"content":{"rendered":"<h3>Do\u0142\u0105cz do naszego stowarzyszenia patchworkowego, gdzie sztuka \u0142\u0105czy si\u0119 z kreatywno\u015bci\u0105! Znajdziesz u nas nie tylko miejsce do dzielenia si\u0119 swoimi umiej\u0119tno\u015bciami, ale tak\u017ce inspiruj\u0105c\u0105 spo\u0142eczno\u015b\u0107 pe\u0142n\u0105 pasjonat\u00f3w, gotowych podzieli\u0107 si\u0119 wiedz\u0105 i pomys\u0142ami. Razem stworzymy kolorowe i unikalne dzie\u0142a, a przy okazji zawrzemy nowe przyja\u017anie! Do\u0142\u0105cz ju\u017c teraz i odkryj fascynuj\u0105cy \u015bwiat patchworku! Oto korzy\u015bci:<\/h3>\n<ul>\n<li>Tworzenie i bycie cz\u0119\u015bci\u0105 spo\u0142eczno\u015bci hobbyst\u00f3w, pasjonat\u00f3w i pozytywnie zakr\u0119conych<\/li>\n<li>uczestnictwo w ciekawych imprezach, kt\u00f3rych organizatorem lub partnerem jest Stowarzyszenie (np.: konkursy, wystawy, wernisa\u017ce)<\/li>\n<li>uczestniczenie w kursach i warsztatach prowadzonych przez \u015bwiatowej s\u0142awy artyst\u00f3w, organizowanych przez Stowarzyszenie<\/li>\n<li>promocja Twoich prac w mediach spo\u0142eczno\u015bciowych Stowarzyszenia<\/li>\n<li>wsp\u00f3\u0142praca i uczestnictwo w przedsi\u0119wzi\u0119ciach og\u0142aszanych i organizowanych przez Europen Quilt Association (EQA) do kt\u00f3rego Stowarzyszenie nale\u017cy<\/li>\n<li>Otrzymywanie newslettera zawieraj\u0105cego wiele ciekawych informacji o bie\u017c\u0105cych wydarzeniach patchworkowych w Polsce, Europie i na\u00a0 \u015bwiecie<\/li>\n<li>Opracowywanie, dzielenie si\u0119 i wymienianie materia\u0142ami edukacyjnymi<\/li>\n<li>Otrzymanie egzemplarza gazetki \u201ePatchwork &amp; Quilt\u201d dost\u0119pnego tylko dla cz\u0142onk\u00f3w SPP<\/li>\n<li>dzielenie si\u0119 wiedz\u0105 i technikami patchworkowym, na ka\u017cdym etapie zaawansowania<\/li>\n<li>Wsp\u00f3\u0142tworzenie standard\u00f3w szycia i przygotowywania quilt\u00f3w na wystawy krajowe, europejskie, \u015bwiatowe<\/li>\n<li>uczestnictwo w spotkaniach organizowanych w lokalnych grupach patchworkowych<\/li>\n<li>uczestnictwo we wsp\u00f3lnych projektach drobroczynnych (np.: szycia quiltu na licytacj\u0119 na rzecz Wielkiej Orkiestry \u015awi\u0105teczniej Pomocy) odbywaj\u0105cych si\u0119 cyklicznie jak i tych zupe\u0142nie spontanicznych<\/li>\n<li>uczestnictwo w koloniach patchworkowych<\/li>\n<\/ul>\n<p>&nbsp;<\/p>\n<p style=\"text-align: justify;\">Aby zapisa\u0107 si\u0119 do Stowarzyszenia Polskiego Patchworku post\u0119puj zodnie z poni\u017cszymi krokami:<\/p>\n<p>1.\u00a0 Zapoznaj si\u0119 ze <a href=\"http:\/\/polskipatchwork.pl\/wp-content\/uploads\/2024\/02\/Statut_SPP_13_08_2022.pdf\">statutem Stowarzyszenia<\/a>\u00a0i informacj\u0105 na temat op\u0142acania sk\u0142adek w bie\u017c\u0105cym roku sk\u0142adkowym<\/p>\n<p style=\"text-align: justify;\">2.\u00a0 Pobierz i wype\u0142nij deklaracj\u0119 cz\u0142onkowsk\u0105<\/p>\n<p style=\"text-align: center;\"><a href=\"http:\/\/polskipatchwork.pl\/wp-content\/uploads\/2025\/05\/Deklaracja-czlonkowska-SPP.pdf\"><strong>Deklaracja w formacie pdf<\/strong><\/a><\/p>\n<p>a nast\u0119pnie ode\u015blij j\u0105 na adres (<a href=\"mailto:stowarzyszenie@polskipatchwork.pl\">stowarzyszenie@polskipatchwork.pl<\/a>)<\/p>\n<p style=\"text-align: justify;\">3. Cz\u0142onkinie\/cz\u0142onkowie s\u0105 przyjmowane\/ni do Stowarzyszenia uchwa\u0142\u0105 Zarz\u0105du.<\/p>\n<p style=\"text-align: justify;\">Przeka\u017cemy informacj\u0119 o podj\u0119tej decyzji drog\u0105 e-mailow\u0105 na adres podany w deklaracji. Czekamy na Ciebie!<\/p>\n<p>4. Op\u0142aci\u0107 sk\u0142adk\u0119 cz\u0142onkowsk\u0105 roczn\u0105<\/p>\n<p>&nbsp;<\/p>\n<p style=\"text-align: justify;\">Informujemy, \u017ce <strong>wysoko\u015b\u0107 sk\u0142adki cz\u0142onkowskiej za bie\u017c\u0105cy rok wynosi 150 z\u0142<\/strong>. Prosimy o wpisywanie w tytule przelewu: \u201eSk\u0142adki cz\u0142onkowskie (imi\u0119 i nazwisko) za okres&#8230;\u201d<\/p>\n<p>Sk\u0142adki wp\u0142acane s\u0105 za ca\u0142y rok i nie podlegaj\u0105 zmniejszeniu o miesi\u0105ce, w czasie kt\u00f3rych osoba nie by\u0142a cz\u0142onkiem Stowarzyszenia.<\/p>\n<p style=\"text-align: justify;\">Zach\u0119camy do regularnego op\u0142acania sk\u0142adek cz\u0142onkowskich oraz wp\u0142acania darowizn na rzecz Stowarzyszenia.<\/p>\n<p><strong>Konto Stowarzyszenia<\/strong><\/p>\n<p>Bank Pekao SA<br \/>\nnr konta 20 1240 61 75 1111 0010 6726 3670<\/p>\n<p>Kod BIC (Swift) PKOPPLPW<\/p>\n<p>Kod IBAN 1240<\/p>\n<p>KRS: 0000602666<br \/>\nRegon: 363906825<br \/>\nNIP: 1231312705<\/p>\n","protected":false},"excerpt":{"rendered":"<p>Do\u0142\u0105cz do naszego stowarzyszenia patchworkowego, gdzie sztuka \u0142\u0105czy si\u0119 z kreatywno\u015bci\u0105! Znajdziesz u nas nie tylko miejsce do dzielenia si\u0119 swoimi umiej\u0119tno\u015bciami, ale tak\u017ce inspiruj\u0105c\u0105 spo\u0142eczno\u015b\u0107 pe\u0142n\u0105 pasjonat\u00f3w, gotowych podzieli\u0107 si\u0119 wiedz\u0105 i pomys\u0142ami.&#46;&#46;&#46;<\/p>\n","protected":false},"author":6,"featured_media":0,"parent":17,"menu_order":0,"comment_status":"closed","ping_status":"closed","template":"","meta":{"_monsterinsights_skip_tracking":false,"_monsterinsights_sitenote_active":false,"_monsterinsights_sitenote_note":"","_monsterinsights_sitenote_category":0,"spay_email":""},"jetpack-related-posts":[{"id":269,"url":"https:\/\/polskipatchwork.pl\/index.php\/o-nas\/nasze-cele\/","url_meta":{"origin":282,"position":0},"title":"Nasze cele","date":"7 maja 2016","format":false,"excerpt":"Naszym zamiarem jest przede wszystkim: - podejmowanie i propagowanie dzia\u0142a\u0144 edukacyjnych na rzecz upowszechniania sztuki patchworku w Polsce, - wspieranie tw\u00f3rc\u00f3w zaanga\u017cowanych w rozwijanie tej formy r\u0119kodzie\u0142a, - organizowanie wystaw patchwork\u00f3w, - organizowanie konkurs\u00f3w i kurs\u00f3w patchworkowych. Chcemy, aby ka\u017cdy zainteresowany t\u0105 form\u0105 r\u0119kodzie\u0142a, niezale\u017cnie od umiej\u0119tno\u015bci i do\u015bwiadczenia, czu\u0142\u2026","rel":"","context":"Similar post","img":{"alt_text":"","src":"","width":0,"height":0},"classes":[]},{"id":87,"url":"https:\/\/polskipatchwork.pl\/index.php\/o-nas\/zarzad\/","url_meta":{"origin":282,"position":1},"title":"Zarz\u0105d","date":"2 maja 2016","format":false,"excerpt":"Organem zarz\u0105dzaj\u0105cym Stowarzyszenia jest Zarz\u0105d, nad dzia\u0142alno\u015bci\u0105 kt\u00f3rego czuwa Komisja Rewizyjna. Najwy\u017cszym organem w\u0142adzy jest Walne Zebranie Cz\u0142onk\u00f3w, w kt\u00f3rym ka\u017cdy z cz\u0142onk\u00f3w mo\u017ce wzi\u0105\u0107 udzia\u0142 i uczestniczy\u0107 w g\u0142osowaniu. Walne Zebranie rozlicza Zarz\u0105d Stowarzyszenia z jego dzia\u0142alno\u015bci, a\u017c do mo\u017cliwo\u015bci odwo\u0142ania go w okre\u015blonych przypadkach.\u00a0 R\u00f3wnie\u017c ka\u017cdy cz\u0142onek mo\u017ce\u2026","rel":"","context":"Similar post","img":{"alt_text":"","src":"","width":0,"height":0},"classes":[]},{"id":17,"url":"https:\/\/polskipatchwork.pl\/index.php\/o-nas\/","url_meta":{"origin":282,"position":2},"title":"O nas","date":"27 kwietnia 2016","format":false,"excerpt":"Patchworkowa rodzina powi\u0119ksza si\u0119 Popularno\u015b\u0107 patchwork\u00f3w na \u015bwiecie zyska\u0142a nowy wymiar wraz z rozwojem internetu i dost\u0119pem do wielu wirtualnych galerii sztuki tekstylnej, przepis\u00f3w na szycie i szablon\u00f3w, kurs\u00f3w on-line oraz wyspecjalizowanych sklep\u00f3w z tkaninami, pasmanteri\u0105 i akcesoriami do szycia. To zainteresowanie patchworkiem nie omin\u0119\u0142o Polski, gdzie takie prace powstaj\u0105\u2026","rel":"","context":"Similar post","img":{"alt_text":"","src":"","width":0,"height":0},"classes":[]},{"id":3146,"url":"https:\/\/polskipatchwork.pl\/index.php\/o-nas\/sprawozdania-z-dzialalnosci-spp-za-rok-2017\/","url_meta":{"origin":282,"position":3},"title":"Sprawozdania z dzia\u0142alno\u015bci SPP","date":"24 wrze\u015bnia 2018","format":false,"excerpt":"Sprawozdania z dzia\u0142alno\u015bci SPP za rok 2017 Sprawozdanie Komisji Rewizyjnej SPP za rok 2017 Sprawozdanie finansowe SPP za rok 2017 \u00a0 We wtorek 20 czerwca 2017 r. mia\u0142o miejsce Walne Zebranie Cz\u0142onk\u00f3w Stowarzyszenia Polskiego Patchworku. By\u0142a to pierwsza okazja do podsumowania rocznej dzia\u0142alno\u015bci. Jak si\u0119 okaza\u0142o przez miniony rok podj\u0119li\u015bmy\u2026","rel":"","context":"Similar post","img":{"alt_text":"","src":"","width":0,"height":0},"classes":[]},{"id":142,"url":"https:\/\/polskipatchwork.pl\/index.php\/o-nas\/patchworkowe-darcie-pierza\/","url_meta":{"origin":282,"position":4},"title":"Patchworkowe Darcie Pierza (Archiwum)","date":"3 maja 2016","format":false,"excerpt":"Na pocz\u0105tku 2015 roku kilka kobiet szyj\u0105cych patchworki z Warszawy i okolic mia\u0142o ochot\u0119 spotka\u0107 si\u0119, porozmawia\u0107 i pokaza\u0107 sobie swoje patchworki. Znalaz\u0142y\u015bmy miejsce, ustali\u0142y\u015bmy, \u017ce b\u0119dziemy spotyka\u0107 si\u0119 w ostatnie czwartki miesi\u0105ca. Kto\u015b (chyba Hania) nazwa\u0142 to \u201ePatchworkowym Darciem Pierza\u201d. Taki by\u0142 nieformalny pocz\u0105tek zawi\u0105zywania si\u0119 naszego Stowarzyszenia. Po\u2026","rel":"","context":"Similar post","img":{"alt_text":"","src":"","width":0,"height":0},"classes":[]},{"id":39,"url":"https:\/\/polskipatchwork.pl\/index.php\/o-nas\/kontakt\/","url_meta":{"origin":282,"position":5},"title":"Kontakt","date":"2 maja 2016","format":false,"excerpt":"Stowarzyszenie Polskiego Patchworku adres siedziby 42-360 Ku\u017anica Stara ul.Nad Rozlewiskiem 28 stowarzyszenie@polskipatchwork.pl redakcja@polskipatchwork.pl Konto Stowarzyszenia Zach\u0119camy do regularnego op\u0142acania sk\u0142adek cz\u0142onkowskich oraz wp\u0142acania darowizn na rzecz Stowarzyszenia. Bank Pekao SA nr konta 20 1240 61 75 1111 0010 6726 3670 KRS: 0000602666 Regon: 363906825 NIP: 1231312705","rel":"","context":"Similar post","img":{"alt_text":"","src":"","width":0,"height":0},"classes":[]}],"jetpack_sharing_enabled":true,"jetpack_shortlink":"https:\/\/wp.me\/P7yhvX-4y","_links":{"self":[{"href":"https:\/\/polskipatchwork.pl\/index.php\/wp-json\/wp\/v2\/pages\/282"}],"collection":[{"href":"https:\/\/polskipatchwork.pl\/index.php\/wp-json\/wp\/v2\/pages"}],"about":[{"href":"https:\/\/polskipatchwork.pl\/index.php\/wp-json\/wp\/v2\/types\/page"}],"author":[{"embeddable":true,"href":"https:\/\/polskipatchwork.pl\/index.php\/wp-json\/wp\/v2\/users\/6"}],"replies":[{"embeddable":true,"href":"https:\/\/polskipatchwork.pl\/index.php\/wp-json\/wp\/v2\/comments?post=282"}],"version-history":[{"count":22,"href":"https:\/\/polskipatchwork.pl\/index.php\/wp-json\/wp\/v2\/pages\/282\/revisions"}],"predecessor-version":[{"id":7138,"href":"https:\/\/polskipatchwork.pl\/index.php\/wp-json\/wp\/v2\/pages\/282\/revisions\/7138"}],"up":[{"embeddable":true,"href":"https:\/\/polskipatchwork.pl\/index.php\/wp-json\/wp\/v2\/pages\/17"}],"wp:attachment":[{"href":"https:\/\/polskipatchwork.pl\/index.php\/wp-json\/wp\/v2\/media?parent=282"}],"curies":[{"name":"wp","href":"https:\/\/api.w.org\/{rel}","templated":true}]}}