{"id":2841,"date":"2018-06-19T18:35:05","date_gmt":"2018-06-19T16:35:05","guid":{"rendered":"http:\/\/polskipatchwork.pl\/?page_id=2841"},"modified":"2018-06-19T18:35:05","modified_gmt":"2018-06-19T16:35:05","slug":"polityka-prywatnosci","status":"publish","type":"page","link":"https:\/\/polskipatchwork.pl\/index.php\/polityka-prywatnosci\/","title":{"rendered":"Polityka Prywatno\u015bci"},"content":{"rendered":"<ol>\n<li>Adres naszej strony internetowej to: http:\/\/polskipatchwork.pl.\u00a0\u00a0<span class=\"s2\">Administratorem strony jest Stowarzyszenie Polskiego Patchworku.\u00a0<\/span><span class=\"s2\">Kontakt z administratorem mo\u017cliwy pod adresem e-mail stowarzyszenie@polskipatchwork.pl<\/span><\/li>\n<li><span class=\"s2\">Administrator przechowuje pliki cookies na urz\u0105dzeniu ko\u0144cowym U\u017cytkownika, a nast\u0119pnie uzyskuje dost\u0119p do informacji w nich zawartych w celach statystycznych i w celu zapewnienia prawid\u0142owego dzia\u0142ania Strony.\u00a0<\/span><span class=\"s2\">Administrator informuje niniejszym U\u017cytkownika, \u017ce istnieje mo\u017cliwo\u015b\u0107 takiej konfiguracji przegl\u0105darki internetowej, kt\u00f3ra uniemo\u017cliwia przechowywanie plik\u00f3w cookies na urz\u0105dzeniu ko\u0144cowym U\u017cytkownika. Pliki cookies mog\u0105 by\u0107 przez U\u017cytkownika usuni\u0119te po ich zapisaniu przez Administratora, poprzez odpowiednie funkcje przegl\u0105darki internetowej, programy s\u0142u\u017c\u0105ce w tym celu lub skorzystanie z odpowiednich narz\u0119dzi dost\u0119pnych w ramach systemu operacyjnego, z kt\u00f3rego korzysta U\u017cytkownik.<\/span><\/li>\n<li>Administrator informuje niniejszym U\u017cytkownika, \u017ce stosuje nast\u0119puj\u0105ce technologie \u015bledz\u0105ce dzia\u0142ania podejmowane przez U\u017cytkownika w ramach Strony oraz zbieraj\u0105ce pliki cookies, takie jak\u00a0<span class=\"s2\">kod \u015bledzenia Google Analytics \u2013 w celu analizy statystyk Strony; mo\u017ce wykorzystywa\u0107 r\u00f3wnie\u017c inne technologie \u015bledz\u0105ce; zbierane w tym zakresie informacje s\u0105 ca\u0142kowicie anonimowe i nie pozwalaj\u0105 na identyfikacj\u0119 u\u017cytkownika.<\/span><\/li>\n<li><span class=\"s2\">Administrator gwarantuje poufno\u015b\u0107 wszelkich przekazanych mu danych osobowych.<\/span><span class=\"s2\">Podanie danych jest zawsze dobrowolne, ale niezb\u0119dne do podj\u0119cia przez U\u017cytkownika akcji, do kt\u00f3rej przeznaczony jest dany formularz. A<\/span><span class=\"s2\">dministrator nie udost\u0119pnia przekazanych mu danych jakimkolwiek podmiotom trzecim.\u00a0<\/span><span class=\"s2\">Dane osobowe s\u0105 gromadzone z nale\u017cyt\u0105 staranno\u015bci\u0105 i odpowiednio chronione przed dost\u0119pem do nich przez osoby do tego nieupowa\u017cnione.<\/span><\/li>\n<li><span class=\"s2\">U\u017cytkownikowi przys\u0142uguj\u0105 prawo do:<\/span>\n<ul class=\"ul1\">\n<li class=\"li3\"><span class=\"s2\">\u017c\u0105dania dost\u0119pu do swoich danych, ich sprostowania, usuni\u0119cia lub ograniczenia przetwarzania;<\/span><\/li>\n<li class=\"li3\"><span class=\"s2\">wniesienia sprzeciwu wobec przetwarzania;<\/span><\/li>\n<li class=\"li3\"><span class=\"s2\">przenoszenia danych;<\/span><\/li>\n<li class=\"li3\"><span class=\"s2\">\u00a0cofni\u0119cia zgody na przetwarzanie danych osobowych w okre\u015blonym celu, je\u017celi U\u017cytkownik uprzednio tak\u0105 zgod\u0119 wyrazi\u0142;<\/span><\/li>\n<li class=\"li3\"><span class=\"s2\">wniesienia skargi do organu nadzorczego w zwi\u0105zku z przetwarzaniem danych osobowych przez Administratora.<\/span><\/li>\n<\/ul>\n<\/li>\n<\/ol>\n","protected":false},"excerpt":{"rendered":"<p>Adres naszej strony internetowej to: http:\/\/polskipatchwork.pl.\u00a0\u00a0Administratorem strony jest Stowarzyszenie Polskiego Patchworku.\u00a0Kontakt z administratorem mo\u017cliwy pod adresem e-mail stowarzyszenie@polskipatchwork.pl Administrator przechowuje pliki cookies na urz\u0105dzeniu ko\u0144cowym U\u017cytkownika, a nast\u0119pnie uzyskuje dost\u0119p do informacji w nich&#46;&#46;&#46;<\/p>\n","protected":false},"author":14,"featured_media":0,"parent":0,"menu_order":0,"comment_status":"closed","ping_status":"closed","template":"","meta":{"_monsterinsights_skip_tracking":false,"_monsterinsights_sitenote_active":false,"_monsterinsights_sitenote_note":"","_monsterinsights_sitenote_category":0,"spay_email":""},"jetpack-related-posts":[{"id":87,"url":"https:\/\/polskipatchwork.pl\/index.php\/o-nas\/zarzad\/","url_meta":{"origin":2841,"position":0},"title":"Zarz\u0105d","date":"2 maja 2016","format":false,"excerpt":"Organem zarz\u0105dzaj\u0105cym Stowarzyszenia jest Zarz\u0105d, nad dzia\u0142alno\u015bci\u0105 kt\u00f3rego czuwa Komisja Rewizyjna. Najwy\u017cszym organem w\u0142adzy jest Walne Zebranie Cz\u0142onk\u00f3w, w kt\u00f3rym ka\u017cdy z cz\u0142onk\u00f3w mo\u017ce wzi\u0105\u0107 udzia\u0142 i uczestniczy\u0107 w g\u0142osowaniu. Walne Zebranie rozlicza Zarz\u0105d Stowarzyszenia z jego dzia\u0142alno\u015bci, a\u017c do mo\u017cliwo\u015bci odwo\u0142ania go w okre\u015blonych przypadkach.\u00a0 R\u00f3wnie\u017c ka\u017cdy cz\u0142onek mo\u017ce\u2026","rel":"","context":"Similar post","img":{"alt_text":"","src":"","width":0,"height":0},"classes":[]},{"id":282,"url":"https:\/\/polskipatchwork.pl\/index.php\/o-nas\/zapisz-sie-do-nas\/","url_meta":{"origin":2841,"position":1},"title":"Zapisz si\u0119 do nas","date":"7 maja 2016","format":false,"excerpt":"Do\u0142\u0105cz do naszego stowarzyszenia patchworkowego, gdzie sztuka \u0142\u0105czy si\u0119 z kreatywno\u015bci\u0105! Znajdziesz u nas nie tylko miejsce do dzielenia si\u0119 swoimi umiej\u0119tno\u015bciami, ale tak\u017ce inspiruj\u0105c\u0105 spo\u0142eczno\u015b\u0107 pe\u0142n\u0105 pasjonat\u00f3w, gotowych podzieli\u0107 si\u0119 wiedz\u0105 i pomys\u0142ami. Razem stworzymy kolorowe i unikalne dzie\u0142a, a przy okazji zawrzemy nowe przyja\u017anie! Do\u0142\u0105cz ju\u017c teraz i\u2026","rel":"","context":"Similar post","img":{"alt_text":"","src":"","width":0,"height":0},"classes":[]},{"id":269,"url":"https:\/\/polskipatchwork.pl\/index.php\/o-nas\/nasze-cele\/","url_meta":{"origin":2841,"position":2},"title":"Nasze cele","date":"7 maja 2016","format":false,"excerpt":"Naszym zamiarem jest przede wszystkim: - podejmowanie i propagowanie dzia\u0142a\u0144 edukacyjnych na rzecz upowszechniania sztuki patchworku w Polsce, - wspieranie tw\u00f3rc\u00f3w zaanga\u017cowanych w rozwijanie tej formy r\u0119kodzie\u0142a, - organizowanie wystaw patchwork\u00f3w, - organizowanie konkurs\u00f3w i kurs\u00f3w patchworkowych. Chcemy, aby ka\u017cdy zainteresowany t\u0105 form\u0105 r\u0119kodzie\u0142a, niezale\u017cnie od umiej\u0119tno\u015bci i do\u015bwiadczenia, czu\u0142\u2026","rel":"","context":"Similar post","img":{"alt_text":"","src":"","width":0,"height":0},"classes":[]},{"id":17,"url":"https:\/\/polskipatchwork.pl\/index.php\/o-nas\/","url_meta":{"origin":2841,"position":3},"title":"O nas","date":"27 kwietnia 2016","format":false,"excerpt":"Patchworkowa rodzina powi\u0119ksza si\u0119 Popularno\u015b\u0107 patchwork\u00f3w na \u015bwiecie zyska\u0142a nowy wymiar wraz z rozwojem internetu i dost\u0119pem do wielu wirtualnych galerii sztuki tekstylnej, przepis\u00f3w na szycie i szablon\u00f3w, kurs\u00f3w on-line oraz wyspecjalizowanych sklep\u00f3w z tkaninami, pasmanteri\u0105 i akcesoriami do szycia. To zainteresowanie patchworkiem nie omin\u0119\u0142o Polski, gdzie takie prace powstaj\u0105\u2026","rel":"","context":"Similar post","img":{"alt_text":"","src":"","width":0,"height":0},"classes":[]},{"id":272,"url":"https:\/\/polskipatchwork.pl\/index.php\/o-nas\/troche-historii\/","url_meta":{"origin":2841,"position":4},"title":"Troch\u0119 historii","date":"7 maja 2016","format":false,"excerpt":"Najcz\u0119\u015bciej my\u015blimy, \u017ce patchwork i quilting to ameryka\u0144skie \"wynalazki\". Prawda jest jednak zupe\u0142nie inna... Czy wiesz, \u017ce patchwork to zszywanie ma\u0142ych kawa\u0142k\u00f3w tkanin w wi\u0119ksz\u0105 ca\u0142o\u015b\u0107, quilt za\u015b to wynik zszycia ze sob\u0105 kilku warstw tkanin poprzez przepikowanie ich razem. Najstarsze przyk\u0142ady ubra\u0144, powsta\u0142ych ze skrawk\u00f3w albo przez przepikowanie kilku\u2026","rel":"","context":"Similar post","img":{"alt_text":"","src":"","width":0,"height":0},"classes":[]},{"id":39,"url":"https:\/\/polskipatchwork.pl\/index.php\/o-nas\/kontakt\/","url_meta":{"origin":2841,"position":5},"title":"Kontakt","date":"2 maja 2016","format":false,"excerpt":"Stowarzyszenie Polskiego Patchworku adres siedziby 42-360 Ku\u017anica Stara ul.Nad Rozlewiskiem 28 stowarzyszenie@polskipatchwork.pl redakcja@polskipatchwork.pl Konto Stowarzyszenia Zach\u0119camy do regularnego op\u0142acania sk\u0142adek cz\u0142onkowskich oraz wp\u0142acania darowizn na rzecz Stowarzyszenia. Bank Pekao SA nr konta 20 1240 61 75 1111 0010 6726 3670 KRS: 0000602666 Regon: 363906825 NIP: 1231312705","rel":"","context":"Similar post","img":{"alt_text":"","src":"","width":0,"height":0},"classes":[]}],"jetpack_sharing_enabled":true,"jetpack_shortlink":"https:\/\/wp.me\/P7yhvX-JP","_links":{"self":[{"href":"https:\/\/polskipatchwork.pl\/index.php\/wp-json\/wp\/v2\/pages\/2841"}],"collection":[{"href":"https:\/\/polskipatchwork.pl\/index.php\/wp-json\/wp\/v2\/pages"}],"about":[{"href":"https:\/\/polskipatchwork.pl\/index.php\/wp-json\/wp\/v2\/types\/page"}],"author":[{"embeddable":true,"href":"https:\/\/polskipatchwork.pl\/index.php\/wp-json\/wp\/v2\/users\/14"}],"replies":[{"embeddable":true,"href":"https:\/\/polskipatchwork.pl\/index.php\/wp-json\/wp\/v2\/comments?post=2841"}],"version-history":[{"count":1,"href":"https:\/\/polskipatchwork.pl\/index.php\/wp-json\/wp\/v2\/pages\/2841\/revisions"}],"predecessor-version":[{"id":2842,"href":"https:\/\/polskipatchwork.pl\/index.php\/wp-json\/wp\/v2\/pages\/2841\/revisions\/2842"}],"wp:attachment":[{"href":"https:\/\/polskipatchwork.pl\/index.php\/wp-json\/wp\/v2\/media?parent=2841"}],"curies":[{"name":"wp","href":"https:\/\/api.w.org\/{rel}","templated":true}]}}