{"id":3235,"date":"2018-11-07T20:17:08","date_gmt":"2018-11-07T19:17:08","guid":{"rendered":"http:\/\/polskipatchwork.pl\/?page_id=3235"},"modified":"2018-11-08T11:30:48","modified_gmt":"2018-11-08T10:30:48","slug":"projekt-serce-od-serca-wspolne-szycie","status":"publish","type":"page","link":"https:\/\/polskipatchwork.pl\/index.php\/projekt-serce-od-serca-wspolne-szycie\/","title":{"rendered":"Projekt \u201eSerce od serca\u201d \u2013 wsp\u00f3lne szycie"},"content":{"rendered":"<table border=\"1\" cellspacing=\"5\">\n<tbody>\n<tr><!-- Backup background color is #0184cc --><\/p>\n<td colspan=\"4\" style=\"background-image:url('https:\/\/projektyspp.files.wordpress.com\/2018\/11\/serca_baner1.jpg');\" valign=\"middle\" bgcolor=\"#DDDDDD\" width=\"1000\" height=\"60\"><\/td>\n<\/tr>\n<tr bgcolor=\"#8e8c32\">\n<td style=\"text-align:center;\"><span style=\"color:#000000;\"><strong>DATA<\/strong><\/span><\/td>\n<td style=\"text-align:center;\"><span style=\"color:#000000;\"><strong>ORGANIZATOR<\/strong><\/span><\/td>\n<td style=\"text-align:center;\"><span style=\"color:#000000;\"><strong>ADRES<\/strong><\/span><\/td>\n<td style=\"text-align:center;\"><span style=\"color:#000000;\"><strong>KONTAKT<\/strong><\/span><\/td>\n<\/tr>\n<tr bgcolor=\"#ce0000\">\n<td style=\"text-align:center;\" colspan=\"4\"><span style=\"color:#ffffff;\"><strong>GRUDZIE\u0143 2018<\/strong><\/span><\/td>\n<\/tr>\n<tr>\n<td>27 XII<br \/>\ngodz.17-20<\/td>\n<td style=\"text-align:center;\">Patchwork Mazowiecki<\/td>\n<td style=\"text-align:center;\">Warszawa<br \/>\nS\u0142omi\u0144skiego 19 m. 95<\/td>\n<td style=\"text-align:center;\">slawinska@ora.pl<br \/>\ntel.602 306 886<\/td>\n<\/tr>\n<tr bgcolor=\"#ce0000\">\n<td style=\"text-align:center;\" colspan=\"4\"><span style=\"color:#ffffff;\"><strong>LISTOPAD 2018<\/strong><\/span><\/td>\n<\/tr>\n<tr>\n<td>29 XI<br \/>\ngodz.17-20<\/td>\n<td style=\"text-align:center;\">Patchwork Mazowiecki<\/td>\n<td style=\"text-align:center;\">Warszawa<br \/>\nS\u0142omi\u0144skiego 19 m. 95<\/td>\n<td style=\"text-align:center;\">slawinska@ora.pl<br \/>\ntel.602 306 886<\/td>\n<\/tr>\n<tr>\n<td>28 XI<br \/>\ngodz.17-19<\/td>\n<td style=\"text-align:center;\">Copernicus<br \/>\nKoty na P\u0142oty<\/td>\n<td style=\"text-align:center;\">Gda\u0144sk<br \/>\nul.S\u0142owackiego 19<\/td>\n<td style=\"text-align:center;\">karola@kotynaploty.pl<\/td>\n<\/tr>\n<tr>\n<td>24 XI<br \/>\ngodz.17-19<\/td>\n<td style=\"text-align:center;\">Copernicus<br \/>\nKoty na P\u0142oty<\/td>\n<td style=\"text-align:center;\">Gda\u0144sk<br \/>\nul.S\u0142owackiego 19<\/td>\n<td style=\"text-align:center;\">karola@kotynaploty.pl<\/td>\n<\/tr>\n<tr>\n<td>23 XI<br \/>\ngodz.17-21<\/td>\n<td style=\"text-align:center;\">Pracownia Krawiecka TM<\/td>\n<td style=\"text-align:center;\">Zalesie G\u00f3rne<br \/>\nZ\u0142ocistych \u0141an\u00f3w 29<\/td>\n<td style=\"text-align:center;\">pracownia.tm@gmail.com<\/td>\n<\/tr>\n<tr>\n<td>21 XI<br \/>\ngodz.17-19<\/td>\n<td style=\"text-align:center;\">Copernicus<br \/>\nKoty na P\u0142oty<\/td>\n<td style=\"text-align:center;\">Gda\u0144sk<br \/>\nul.S\u0142owackiego 19<\/td>\n<td style=\"text-align:center;\">karola@kotynaploty.pl<\/td>\n<\/tr>\n<\/tr>\n<tr>\n<td>18 XI<br \/>\ngodz.10-19<\/td>\n<td style=\"text-align:center;\">Patchwork Mazowiecki<\/td>\n<td style=\"text-align:center;\">Leszno<br \/>\nPow\u0105zki 21<\/td>\n<td style=\"text-align:center;\">slawinska@ora.pl<br \/>\ntel.602 306 886<\/td>\n<\/tr>\n<tr>\n<td>17 XI<br \/>\ngodz.10-19<\/td>\n<td style=\"text-align:center;\">Patchwork Mazowiecki<\/td>\n<td style=\"text-align:center;\">Leszno<br \/>\nPow\u0105zki 21<\/td>\n<td style=\"text-align:center;\">slawinska@ora.pl<br \/>\ntel.602 306 886<\/td>\n<\/tr>\n<tr>\n<td>10 XI<br \/>\ngodz.14-17.30<\/td>\n<td style=\"text-align:center;\">Lilki Szpilki<br \/>\n Minky i Tkaninki Gdynia<\/td>\n<td style=\"text-align:center;\">Gdynia<br \/>\nBema 10<\/td>\n<td style=\"text-align:center;\">lilkiszpilki@gmail.com<\/td>\n<\/tr>\n<tr>\n<td>9 XI<br \/>\ngodz.18-21<\/td>\n<td style=\"text-align:center;\">Tamtosiamto<\/td>\n<td style=\"text-align:center;\">Warszawa<br \/>\nul.Radosna 11<\/td>\n<td style=\"text-align:center;\">paulina@tamtosiamto.pl<\/td>\n<\/tr>\n<tr>\n<td>7 XI<br \/>\ngodz.17-19<\/td>\n<td style=\"text-align:center;\">Copernicus<br \/>\nKoty na P\u0142oty<\/td>\n<td style=\"text-align:center;\">Gda\u0144sk<br \/>\nul.S\u0142owackiego 19<\/td>\n<td style=\"text-align:center;\">karola@kotynaploty.pl<\/td>\n<\/tr>\n<tr bgcolor=\"#ce0000\">\n<td style=\"text-align:center;\" colspan=\"4\"><\/td>\n<\/tr>\n<\/tbody>\n<\/table>\n","protected":false},"excerpt":{"rendered":"<p>DATA ORGANIZATOR ADRES KONTAKT GRUDZIE\u0143 2018 27 XII godz.17-20 Patchwork Mazowiecki Warszawa S\u0142omi\u0144skiego 19 m. 95 slawinska@ora.pl tel.602 306 886 LISTOPAD 2018 29 XI godz.17-20 Patchwork Mazowiecki Warszawa S\u0142omi\u0144skiego 19 m. 95 slawinska@ora.pl tel.602&#46;&#46;&#46;<\/p>\n","protected":false},"author":6,"featured_media":0,"parent":0,"menu_order":0,"comment_status":"closed","ping_status":"closed","template":"","meta":{"_monsterinsights_skip_tracking":false,"_monsterinsights_sitenote_active":false,"_monsterinsights_sitenote_note":"","_monsterinsights_sitenote_category":0,"spay_email":""},"jetpack-related-posts":[],"jetpack_sharing_enabled":true,"jetpack_shortlink":"https:\/\/wp.me\/P7yhvX-Qb","_links":{"self":[{"href":"https:\/\/polskipatchwork.pl\/index.php\/wp-json\/wp\/v2\/pages\/3235"}],"collection":[{"href":"https:\/\/polskipatchwork.pl\/index.php\/wp-json\/wp\/v2\/pages"}],"about":[{"href":"https:\/\/polskipatchwork.pl\/index.php\/wp-json\/wp\/v2\/types\/page"}],"author":[{"embeddable":true,"href":"https:\/\/polskipatchwork.pl\/index.php\/wp-json\/wp\/v2\/users\/6"}],"replies":[{"embeddable":true,"href":"https:\/\/polskipatchwork.pl\/index.php\/wp-json\/wp\/v2\/comments?post=3235"}],"version-history":[{"count":9,"href":"https:\/\/polskipatchwork.pl\/index.php\/wp-json\/wp\/v2\/pages\/3235\/revisions"}],"predecessor-version":[{"id":3251,"href":"https:\/\/polskipatchwork.pl\/index.php\/wp-json\/wp\/v2\/pages\/3235\/revisions\/3251"}],"wp:attachment":[{"href":"https:\/\/polskipatchwork.pl\/index.php\/wp-json\/wp\/v2\/media?parent=3235"}],"curies":[{"name":"wp","href":"https:\/\/api.w.org\/{rel}","templated":true}]}}