{"id":39,"date":"2016-05-02T12:35:57","date_gmt":"2016-05-02T10:35:57","guid":{"rendered":"http:\/\/u-szycie.home.pl\/_stow\/?page_id=39"},"modified":"2025-03-27T18:49:51","modified_gmt":"2025-03-27T17:49:51","slug":"kontakt","status":"publish","type":"page","link":"https:\/\/polskipatchwork.pl\/index.php\/o-nas\/kontakt\/","title":{"rendered":"Kontakt"},"content":{"rendered":"<p><strong>Stowarzyszenie Polskiego Patchworku<\/strong><br \/>\n<strong>adres siedziby<\/strong><br \/>\n42-360 Ku\u017anica Stara<br \/>\nul.Nad Rozlewiskiem 28<\/p>\n<p><a href=\"mailto:stowarzyszenie@polskipatchwork.pl\">stowarzyszenie@polskipatchwork.pl<\/a><br \/>\n<a href=\"mailto:redakcja@polskipatchwork.pl\">redakcja@polskipatchwork.pl<\/a><\/p>\n<p><strong>Konto Stowarzyszenia<\/strong><br \/>\nZach\u0119camy do regularnego op\u0142acania sk\u0142adek cz\u0142onkowskich oraz wp\u0142acania darowizn na rzecz Stowarzyszenia.<\/p>\n<p>Bank Pekao SA<br \/>\nnr konta 20 1240 61 75 1111 0010 6726 3670<\/p>\n<p><strong>KRS:<\/strong> 0000602666<br \/>\n<strong>Regon:<\/strong> 363906825<br \/>\n<strong>NIP:<\/strong> 1231312705<\/p>\n","protected":false},"excerpt":{"rendered":"<p>Stowarzyszenie Polskiego Patchworku adres siedziby 42-360 Ku\u017anica Stara ul.Nad Rozlewiskiem 28 stowarzyszenie@polskipatchwork.pl redakcja@polskipatchwork.pl Konto Stowarzyszenia Zach\u0119camy do regularnego op\u0142acania sk\u0142adek cz\u0142onkowskich oraz wp\u0142acania darowizn na rzecz Stowarzyszenia. Bank Pekao SA nr konta 20 1240&#46;&#46;&#46;<\/p>\n","protected":false},"author":6,"featured_media":0,"parent":17,"menu_order":4,"comment_status":"closed","ping_status":"closed","template":"","meta":{"_monsterinsights_skip_tracking":false,"_monsterinsights_sitenote_active":false,"_monsterinsights_sitenote_note":"","_monsterinsights_sitenote_category":0,"spay_email":""},"jetpack-related-posts":[{"id":87,"url":"https:\/\/polskipatchwork.pl\/index.php\/o-nas\/zarzad\/","url_meta":{"origin":39,"position":0},"title":"Zarz\u0105d","date":"2 maja 2016","format":false,"excerpt":"Organem zarz\u0105dzaj\u0105cym Stowarzyszenia jest Zarz\u0105d, nad dzia\u0142alno\u015bci\u0105 kt\u00f3rego czuwa Komisja Rewizyjna. Najwy\u017cszym organem w\u0142adzy jest Walne Zebranie Cz\u0142onk\u00f3w, w kt\u00f3rym ka\u017cdy z cz\u0142onk\u00f3w mo\u017ce wzi\u0105\u0107 udzia\u0142 i uczestniczy\u0107 w g\u0142osowaniu. Walne Zebranie rozlicza Zarz\u0105d Stowarzyszenia z jego dzia\u0142alno\u015bci, a\u017c do mo\u017cliwo\u015bci odwo\u0142ania go w okre\u015blonych przypadkach.\u00a0 R\u00f3wnie\u017c ka\u017cdy cz\u0142onek mo\u017ce\u2026","rel":"","context":"Similar post","img":{"alt_text":"","src":"","width":0,"height":0},"classes":[]},{"id":282,"url":"https:\/\/polskipatchwork.pl\/index.php\/o-nas\/zapisz-sie-do-nas\/","url_meta":{"origin":39,"position":1},"title":"Zapisz si\u0119 do nas","date":"7 maja 2016","format":false,"excerpt":"Do\u0142\u0105cz do naszego stowarzyszenia patchworkowego, gdzie sztuka \u0142\u0105czy si\u0119 z kreatywno\u015bci\u0105! Znajdziesz u nas nie tylko miejsce do dzielenia si\u0119 swoimi umiej\u0119tno\u015bciami, ale tak\u017ce inspiruj\u0105c\u0105 spo\u0142eczno\u015b\u0107 pe\u0142n\u0105 pasjonat\u00f3w, gotowych podzieli\u0107 si\u0119 wiedz\u0105 i pomys\u0142ami. Razem stworzymy kolorowe i unikalne dzie\u0142a, a przy okazji zawrzemy nowe przyja\u017anie! Do\u0142\u0105cz ju\u017c teraz i\u2026","rel":"","context":"Similar post","img":{"alt_text":"","src":"","width":0,"height":0},"classes":[]},{"id":17,"url":"https:\/\/polskipatchwork.pl\/index.php\/o-nas\/","url_meta":{"origin":39,"position":2},"title":"O nas","date":"27 kwietnia 2016","format":false,"excerpt":"Patchworkowa rodzina powi\u0119ksza si\u0119 Popularno\u015b\u0107 patchwork\u00f3w na \u015bwiecie zyska\u0142a nowy wymiar wraz z rozwojem internetu i dost\u0119pem do wielu wirtualnych galerii sztuki tekstylnej, przepis\u00f3w na szycie i szablon\u00f3w, kurs\u00f3w on-line oraz wyspecjalizowanych sklep\u00f3w z tkaninami, pasmanteri\u0105 i akcesoriami do szycia. To zainteresowanie patchworkiem nie omin\u0119\u0142o Polski, gdzie takie prace powstaj\u0105\u2026","rel":"","context":"Similar post","img":{"alt_text":"","src":"","width":0,"height":0},"classes":[]},{"id":269,"url":"https:\/\/polskipatchwork.pl\/index.php\/o-nas\/nasze-cele\/","url_meta":{"origin":39,"position":3},"title":"Nasze cele","date":"7 maja 2016","format":false,"excerpt":"Naszym zamiarem jest przede wszystkim: - podejmowanie i propagowanie dzia\u0142a\u0144 edukacyjnych na rzecz upowszechniania sztuki patchworku w Polsce, - wspieranie tw\u00f3rc\u00f3w zaanga\u017cowanych w rozwijanie tej formy r\u0119kodzie\u0142a, - organizowanie wystaw patchwork\u00f3w, - organizowanie konkurs\u00f3w i kurs\u00f3w patchworkowych. Chcemy, aby ka\u017cdy zainteresowany t\u0105 form\u0105 r\u0119kodzie\u0142a, niezale\u017cnie od umiej\u0119tno\u015bci i do\u015bwiadczenia, czu\u0142\u2026","rel":"","context":"Similar post","img":{"alt_text":"","src":"","width":0,"height":0},"classes":[]},{"id":3146,"url":"https:\/\/polskipatchwork.pl\/index.php\/o-nas\/sprawozdania-z-dzialalnosci-spp-za-rok-2017\/","url_meta":{"origin":39,"position":4},"title":"Sprawozdania z dzia\u0142alno\u015bci SPP","date":"24 wrze\u015bnia 2018","format":false,"excerpt":"Sprawozdania z dzia\u0142alno\u015bci SPP za rok 2017 Sprawozdanie Komisji Rewizyjnej SPP za rok 2017 Sprawozdanie finansowe SPP za rok 2017 \u00a0 We wtorek 20 czerwca 2017 r. mia\u0142o miejsce Walne Zebranie Cz\u0142onk\u00f3w Stowarzyszenia Polskiego Patchworku. By\u0142a to pierwsza okazja do podsumowania rocznej dzia\u0142alno\u015bci. Jak si\u0119 okaza\u0142o przez miniony rok podj\u0119li\u015bmy\u2026","rel":"","context":"Similar post","img":{"alt_text":"","src":"","width":0,"height":0},"classes":[]},{"id":2,"url":"https:\/\/polskipatchwork.pl\/index.php\/o-nas\/statut\/","url_meta":{"origin":39,"position":5},"title":"Statut","date":"24 kwietnia 2016","format":false,"excerpt":"Pobierz Statut Stowarzyszenia Polskiego Patchworku\u00a0Statut_SPP_21_05_2025 \u00a0","rel":"","context":"Similar post","img":{"alt_text":"","src":"","width":0,"height":0},"classes":[]}],"jetpack_sharing_enabled":true,"jetpack_shortlink":"https:\/\/wp.me\/P7yhvX-D","_links":{"self":[{"href":"https:\/\/polskipatchwork.pl\/index.php\/wp-json\/wp\/v2\/pages\/39"}],"collection":[{"href":"https:\/\/polskipatchwork.pl\/index.php\/wp-json\/wp\/v2\/pages"}],"about":[{"href":"https:\/\/polskipatchwork.pl\/index.php\/wp-json\/wp\/v2\/types\/page"}],"author":[{"embeddable":true,"href":"https:\/\/polskipatchwork.pl\/index.php\/wp-json\/wp\/v2\/users\/6"}],"replies":[{"embeddable":true,"href":"https:\/\/polskipatchwork.pl\/index.php\/wp-json\/wp\/v2\/comments?post=39"}],"version-history":[{"count":21,"href":"https:\/\/polskipatchwork.pl\/index.php\/wp-json\/wp\/v2\/pages\/39\/revisions"}],"predecessor-version":[{"id":7069,"href":"https:\/\/polskipatchwork.pl\/index.php\/wp-json\/wp\/v2\/pages\/39\/revisions\/7069"}],"up":[{"embeddable":true,"href":"https:\/\/polskipatchwork.pl\/index.php\/wp-json\/wp\/v2\/pages\/17"}],"wp:attachment":[{"href":"https:\/\/polskipatchwork.pl\/index.php\/wp-json\/wp\/v2\/media?parent=39"}],"curies":[{"name":"wp","href":"https:\/\/api.w.org\/{rel}","templated":true}]}}