{"id":4772,"date":"2020-09-22T22:00:01","date_gmt":"2020-09-22T20:00:01","guid":{"rendered":"http:\/\/polskipatchwork.pl\/?page_id=4772"},"modified":"2020-09-22T21:58:20","modified_gmt":"2020-09-22T19:58:20","slug":"testowy-formularz-2020","status":"publish","type":"page","link":"https:\/\/polskipatchwork.pl\/index.php\/testowy-formularz-2020\/","title":{"rendered":"Karta zg\u0142oszenia EQA &#8211; Wymie\u0144 si\u0119 zdj\u0119ciem"},"content":{"rendered":"[contact-form-7 404 \"Nie znaleziono\"]\n","protected":false},"excerpt":{"rendered":"","protected":false},"author":6,"featured_media":0,"parent":0,"menu_order":0,"comment_status":"closed","ping_status":"closed","template":"","meta":{"_monsterinsights_skip_tracking":false,"_monsterinsights_sitenote_active":false,"_monsterinsights_sitenote_note":"","_monsterinsights_sitenote_category":0,"spay_email":""},"jetpack-related-posts":[{"id":1210,"url":"https:\/\/polskipatchwork.pl\/index.php\/karta-zgloszenia\/","url_meta":{"origin":4772,"position":0},"title":"Karta zg\u0142oszeniowa \"Raz na ludowo\"","date":"9 pa\u017adziernika 2016","format":false,"excerpt":"","rel":"","context":"Similar post","img":{"alt_text":"","src":"","width":0,"height":0},"classes":[]},{"id":4483,"url":"https:\/\/polskipatchwork.pl\/index.php\/karta-zgloszenia-quiltu-wystawa-walizkowa-kwiaty\/","url_meta":{"origin":4772,"position":1},"title":"Karta zg\u0142oszenia quiltu - wystawa walizkowa - Kwiaty","date":"21 lipca 2020","format":false,"excerpt":"","rel":"","context":"Similar post","img":{"alt_text":"","src":"","width":0,"height":0},"classes":[]},{"id":6752,"url":"https:\/\/polskipatchwork.pl\/index.php\/o-nas\/karta-zgloszenia-walizkowa-domki\/","url_meta":{"origin":4772,"position":2},"title":"Karta zg\u0142oszenia - walizkowa - Domki","date":"3 lutego 2024","format":false,"excerpt":"","rel":"","context":"Similar post","img":{"alt_text":"","src":"","width":0,"height":0},"classes":[]},{"id":42,"url":"https:\/\/polskipatchwork.pl\/index.php\/konkurs-kola-kolka-i-koleczka\/","url_meta":{"origin":4772,"position":3},"title":"Konkurs \u201eKo\u0142a, k\u00f3\u0142ka i k\u00f3\u0142eczka\u201d","date":"2 maja 2016","format":false,"excerpt":"Zapraszamy wszystkich do wzi\u0119cia udzia\u0142u w pierwszym konkursie Stowarzyszenia Polskiego Patchworku \u201eKo\u0142a, k\u00f3\u0142ka, k\u00f3\u0142eczka\u201d. Konkurs jest dwuetapowy. I etap - \u017ceby przyst\u0105pi\u0107 do konkursu, nale\u017cy uszy\u0107 patchwork o tematyce zwi\u0105zanej z ko\u0142ami, k\u00f3\u0142kami i k\u00f3\u0142eczkami i przys\u0142a\u0107 jego zdj\u0119cia na adres konkurs_kolo@wp.pl do 22 maja 2016 r. II etap -\u2026","rel":"","context":"Similar post","img":{"alt_text":"Robins Patchwork","src":"https:\/\/i2.wp.com\/u-szycie.home.pl\/_stow\/wp-content\/uploads\/2016\/05\/robins4.jpg?resize=350%2C200","width":350,"height":200},"classes":[]},{"id":282,"url":"https:\/\/polskipatchwork.pl\/index.php\/o-nas\/zapisz-sie-do-nas\/","url_meta":{"origin":4772,"position":4},"title":"Zapisz si\u0119 do nas","date":"7 maja 2016","format":false,"excerpt":"Do\u0142\u0105cz do naszego stowarzyszenia patchworkowego, gdzie sztuka \u0142\u0105czy si\u0119 z kreatywno\u015bci\u0105! Znajdziesz u nas nie tylko miejsce do dzielenia si\u0119 swoimi umiej\u0119tno\u015bciami, ale tak\u017ce inspiruj\u0105c\u0105 spo\u0142eczno\u015b\u0107 pe\u0142n\u0105 pasjonat\u00f3w, gotowych podzieli\u0107 si\u0119 wiedz\u0105 i pomys\u0142ami. Razem stworzymy kolorowe i unikalne dzie\u0142a, a przy okazji zawrzemy nowe przyja\u017anie! Do\u0142\u0105cz ju\u017c teraz i\u2026","rel":"","context":"Similar post","img":{"alt_text":"","src":"","width":0,"height":0},"classes":[]},{"id":142,"url":"https:\/\/polskipatchwork.pl\/index.php\/o-nas\/patchworkowe-darcie-pierza\/","url_meta":{"origin":4772,"position":5},"title":"Patchworkowe Darcie Pierza (Archiwum)","date":"3 maja 2016","format":false,"excerpt":"Na pocz\u0105tku 2015 roku kilka kobiet szyj\u0105cych patchworki z Warszawy i okolic mia\u0142o ochot\u0119 spotka\u0107 si\u0119, porozmawia\u0107 i pokaza\u0107 sobie swoje patchworki. Znalaz\u0142y\u015bmy miejsce, ustali\u0142y\u015bmy, \u017ce b\u0119dziemy spotyka\u0107 si\u0119 w ostatnie czwartki miesi\u0105ca. Kto\u015b (chyba Hania) nazwa\u0142 to \u201ePatchworkowym Darciem Pierza\u201d. Taki by\u0142 nieformalny pocz\u0105tek zawi\u0105zywania si\u0119 naszego Stowarzyszenia. Po\u2026","rel":"","context":"Similar post","img":{"alt_text":"","src":"","width":0,"height":0},"classes":[]}],"jetpack_sharing_enabled":true,"jetpack_shortlink":"https:\/\/wp.me\/P7yhvX-1eY","_links":{"self":[{"href":"https:\/\/polskipatchwork.pl\/index.php\/wp-json\/wp\/v2\/pages\/4772"}],"collection":[{"href":"https:\/\/polskipatchwork.pl\/index.php\/wp-json\/wp\/v2\/pages"}],"about":[{"href":"https:\/\/polskipatchwork.pl\/index.php\/wp-json\/wp\/v2\/types\/page"}],"author":[{"embeddable":true,"href":"https:\/\/polskipatchwork.pl\/index.php\/wp-json\/wp\/v2\/users\/6"}],"replies":[{"embeddable":true,"href":"https:\/\/polskipatchwork.pl\/index.php\/wp-json\/wp\/v2\/comments?post=4772"}],"version-history":[{"count":3,"href":"https:\/\/polskipatchwork.pl\/index.php\/wp-json\/wp\/v2\/pages\/4772\/revisions"}],"predecessor-version":[{"id":4806,"href":"https:\/\/polskipatchwork.pl\/index.php\/wp-json\/wp\/v2\/pages\/4772\/revisions\/4806"}],"wp:attachment":[{"href":"https:\/\/polskipatchwork.pl\/index.php\/wp-json\/wp\/v2\/media?parent=4772"}],"curies":[{"name":"wp","href":"https:\/\/api.w.org\/{rel}","templated":true}]}}